{"id":801,"date":"2025-12-25T16:04:10","date_gmt":"2025-12-25T15:04:10","guid":{"rendered":"https:\/\/mslola.eu\/specifications-of-the-unique-motor-yacht-lola\/"},"modified":"2026-02-27T09:31:56","modified_gmt":"2026-02-27T08:31:56","slug":"specifications-of-the-unique-motor-yacht-lola","status":"publish","type":"page","link":"https:\/\/mslola.eu\/en\/specifications-of-the-unique-motor-yacht-lola\/","title":{"rendered":"Specifications"},"content":{"rendered":"\n<div class=\"wp-block-group alignfull is-style-ext-preset--group--natural-1--section has-background-background-color has-background has-global-padding is-layout-constrained wp-container-core-group-is-layout-e955bbaf wp-block-group-is-layout-constrained\" id=\"specifications\" style=\"margin-top:0;margin-bottom:0;padding-top:var(--wp--preset--spacing--70);padding-bottom:var(--wp--preset--spacing--70)\">\n<div class=\"wp-block-group alignwide has-global-padding is-layout-constrained wp-container-core-group-is-layout-92b9201d wp-block-group-is-layout-constrained\">\n<div class=\"wp-block-group is-layout-flow wp-container-core-group-is-layout-fc3c91ea wp-block-group-is-layout-flow\">\n<h2 class=\"wp-block-heading\">Discover the dimensions, technical data, and equipment of the Lola.<\/h2>\n\n\n\n<details class=\"wp-block-details is-layout-flow wp-block-details-is-layout-flow\"><summary>Construction<\/summary>\n<figure class=\"wp-block-table\"><table><tbody><tr><td>Naval Architect<\/td><td>Van Ooossanen &amp; Associates, NL<\/td><\/tr><tr><td>Interior Design<\/td><td>Cyrus Yachts, Antalya, (a Vitters subsidiary) <\/td><\/tr><tr><td>Construction Supervision<\/td><td>Roger Gruhn, Palma<\/td><\/tr><tr><td>Construction Yard<\/td><td>Peer Gynt, Antalya (German Owner)<\/td><\/tr><tr><td>Electrical and Navigation<\/td><td>Alewinsje, NL<\/td><\/tr><tr><td>Hull Material<\/td><td>Shipbuilding Steel<\/td><\/tr><tr><td>Superstructure Material<\/td><td>Composite material with carbon fiber reinforcements<\/td><\/tr><tr><td>Delivery<\/td><td>8\/2012<\/td><\/tr><tr><td>Flag State<\/td><td>Malta<\/td><\/tr><tr><td>Classification<\/td><td>Rina<\/td><\/tr><tr><td>Registration<\/td><td>2012-2014: Commercial<br\/>2014 &#8211; present: Private<\/td><\/tr><tr><td>VAT<\/td><td>European VAT is paid<\/td><\/tr><\/tbody><\/table><\/figure>\n<\/details>\n\n\n\n<details class=\"wp-block-details is-layout-flow wp-block-details-is-layout-flow\"><summary>Hull and engines<\/summary>\n<figure class=\"wp-block-table is-style-regular\"><table><tbody><tr><td>Length overall<\/td><td>36.00m<\/td><\/tr><tr><td>Registered length<\/td><td>32.51m<\/td><\/tr><tr><td>Beam<\/td><td>8.40m<\/td><\/tr><tr><td>Design draft<\/td><td>2.85m<\/td><\/tr><tr><td>Design displacement<\/td><td>350to<\/td><\/tr><tr><td>Total volume (Gross Tonnage)<\/td><td>341to<\/td><\/tr><tr><td>Light displacement (without fluids)<\/td><td>283to<\/td><\/tr><tr><td>Normal draft (302to)<\/td><td>2.61m<\/td><\/tr><tr><td>2 Yanmar 6AYM-WET H-Rated engines<\/td><td>555kw<\/td><\/tr><tr><td>Kohler generators<\/td><td>35kw<br\/>80kw<br\/>80kw<\/td><\/tr><tr><td>Bow Thruster TRAC 24&#8243;<\/td><td>max 150Hp<\/td><\/tr><tr><td>Stern Thruster TRAC 20&#8243;<\/td><td>max 100Hp<\/td><\/tr><tr><td>Stabilizer Trac 540 STAR<\/td><td>3.01m x 1.27m Fin<\/td><\/tr><tr><td>Maximum fuel<\/td><td>56.400 l<\/td><\/tr><tr><td>Water<\/td><td>10.000 l<\/td><\/tr><\/tbody><\/table><\/figure>\n<\/details>\n\n\n\n<details class=\"wp-block-details is-layout-flow wp-block-details-is-layout-flow\"><summary>Speed<\/summary>\n<h3 class=\"wp-block-heading\">Thanks to the hull design with bulb and Hull Vane by Van Oossanen Associates, the Lola offers outstanding performance. All figures include generator fuel at average summer consumption and normal load of approximately 300 tons. <\/h3>\n\n\n\n<figure class=\"wp-block-table\"><table><thead><tr><th>Title<\/th><th>Speed<\/th><th>Consumption<\/th><th>Range<\/th><\/tr><\/thead><tbody><tr><td>maximum<\/td><td>13.3 kn<\/td><td>18 l\/NM<\/td><td>3100<\/td><\/tr><tr><td>normal cruise<\/td><td>10 kn <\/td><td>9 l\/NM<\/td><td>6200<\/td><\/tr><tr><td>increased<br\/>cruise<\/td><td>11 kn <\/td><td>10.2 l\/NM<\/td><td>5500<\/td><\/tr><tr><td>maximum cruise<\/td><td>12 kn<\/td><td>12.2 l\/NM<\/td><td>4600<\/td><\/tr><tr><td>Long-range cruise<\/td><td>9 kn <\/td><td>8 l\/NM<\/td><td>7000<\/td><\/tr><\/tbody><\/table><\/figure>\n<\/details>\n\n\n\n<details class=\"wp-block-details is-layout-flow wp-block-details-is-layout-flow\"><summary>Firefighting<\/summary>\n<h3 class=\"wp-block-heading\">Firefighting RINA-approved components<\/h3>\n\n\n\n<figure class=\"wp-block-table\"><table><tbody><tr><td>Pumps<\/td><td>Standard fire extinguishing equipment including oxygen bottles and masks<\/td><\/tr><tr><td>Engine room<\/td><td>FM 200 protected<br\/>Fire hose connection<\/td><\/tr><tr><td>Lazarette Sauna<\/td><td>FM 200 protected<\/td><\/tr><tr><td>Smoke detectors<\/td><td>1 or more smoke and heat detectors in each room connected to the fire alarm system (approx. 54 detectors)<\/td><\/tr><tr><td>Main Deck<br\/>Upper Deck<br\/>Sun Deck<\/td><td>Access hatch with nozzle, water hose and 3-inch connection on each side amidships<\/td><\/tr><tr><td>Equipment<\/td><td>Standard fire extinguishing equipment including oxygen bottles and masks<\/td><\/tr><\/tbody><\/table><\/figure>\n<\/details>\n\n\n\n<details class=\"wp-block-details is-layout-flow wp-block-details-is-layout-flow\"><summary>Navigation<\/summary>\n<h3 class=\"wp-block-heading\">Commercial navigation devices from industry-leading providers are installed.<\/h3>\n\n\n\n<h3 class=\"wp-block-heading\">Almost all systems are new and were installed in 2024\/2025.<\/h3>\n\n\n\n<figure class=\"wp-block-table\"><table class=\"has-fixed-layout\"><tbody><tr><td>Navigation Computer<\/td><td>3 W\u00e4rtsil\u00e4 RS8, all with Ecdis, Radar, Conning, NPL<\/td><\/tr><tr><td>Echo Sounder<\/td><td>5 Duramon 26&#8243; ECDIS approved<\/td><\/tr><tr><td>ECDIS<\/td><td>W\u00e4rtsil\u00e4 NS4000<\/td><\/tr><tr><td>Radar<\/td><td>W\u00e4rtsil\u00e4 NR4000<\/td><\/tr><tr><td>Radar Antennas<\/td><td>2 JRC 10-inch JMA-2254<\/td><\/tr><tr><td>Online Support<\/td><td>Monitor<\/td><\/tr><tr><td>Gyro Compass<\/td><td>Ansch\u00fctz ST22 <\/td><\/tr><tr><td>GPS Compass<\/td><td>JRC JRL 21<\/td><\/tr><tr><td>Magnetic Compass<\/td><td>Cassens &amp; Plath T12 with ceiling reflector and NMEA connection<\/td><\/tr><tr><td>DGPS<\/td><td>Saab R6 NAV accuracy 0.3m<\/td><\/tr><tr><td>AIS<\/td><td>Saab R6 AIS<\/td><\/tr><tr><td>Speed Log<\/td><td>Skipper DL-1 Doppler Log <\/td><\/tr><tr><td>Echo Sounder<\/td><td>Furuno FE800 50 and 200kz sensor<\/td><\/tr><tr><td>Alarm and Monitoring System<\/td><td>Praxis Automation, Holland<br\/><br\/>2 servers and one workstation<br\/><br\/><\/td><\/tr><tr><td>Ship Main Server<\/td><td>Linux based 64 Bit Xeon Server, 24 core, 8TB<br\/>Secondary monitoring system<br\/>Ship management program with logbook, documentation, technical logs, weight and center of gravity data, maintenance schedule<\/td><\/tr><\/tbody><\/table><\/figure>\n<\/details>\n\n\n\n<details class=\"wp-block-details is-layout-flow wp-block-details-is-layout-flow\"><summary>Accommodation<\/summary>\n<h3 class=\"wp-block-heading\">Accommodation for 8 guests and 6 crew members, with ample storage space for long passages<\/h3>\n\n\n\n<figure class=\"wp-block-table\"><table><tbody><tr><td>Owner suite<\/td><td>On the bridge deck in full width<br\/>Seating area<br\/>Desk with PC<br\/>Bathtub and shower<br\/>Walk-in closet<\/td><\/tr><tr><td>VIP Cabin<\/td><td>Main deck in full width, double bed<br\/>Seating area<br\/>Desk with PC<br\/>Bathroom and shower<\/td><\/tr><tr><td>2 Guest Cabins<\/td><td>Lower deck with two beds<br\/>Seating area<br\/>Desk with PC<br\/>Bathroom and shower<\/td><\/tr><tr><td>Captain&#8217;s Cabin<\/td><td>Lower deck with double bed<br\/>Desk with PC<br\/>Bathroom and shower<\/td><\/tr><tr><td>Crew Cabins<\/td><td>Forward crew area<br\/>Two bunk beds<br\/>Bathroom and shower<\/td><\/tr><\/tbody><\/table><\/figure>\n<\/details>\n\n\n\n<details class=\"wp-block-details is-layout-flow wp-block-details-is-layout-flow\"><summary>Multimedia support<\/summary>\n<h3 class=\"wp-block-heading\">Music, internet and television are supported via cable and WLAN throughout the ship.<\/h3>\n\n\n\n<figure class=\"wp-block-table\"><table><tbody><tr><td>Internet access<br\/>6G LTE modem<\/td><td>6G LTE modem with high gain antennas.<br\/>VSAT was installed, but the antenna was removed. All cables are still connectable. <\/td><\/tr><tr><td>WLAN <\/td><td>6 WLAN access points in all rooms (including engine room and sick bays)<\/td><\/tr><tr><td>Firewall<\/td><td>Internal firewall main router with VPN to the company<\/td><\/tr><tr><td>Network music streamer<\/td><td>Bluesound music streamer via network \/ internet digitally to RME interface or analog to active speakers for synchronous music playback in all selected rooms<\/td><\/tr><tr><td>Salon<\/td><td>Large retractable TV<br\/>Bluesound multi-room audio system<br\/>4 KS Digital studio monitors<br\/>Workstation with 20-inch monitor<\/td><\/tr><tr><td>Seating area on the main deck<\/td><td>2 KS Digital studio monitors connected to the salon<\/td><\/tr><tr><td>Galley<\/td><td>Bluesound multi-room audio<br\/>2 Dynaudio active speakers<\/td><\/tr><tr><td>VIP, guest, captain&#8217;s cabins, crew quarters<\/td><td>PC with 21-inch monitor<br\/>TV connection<br\/>2 active speakers from Adam Audio<\/td><\/tr><tr><td>Bridge office<\/td><td>Bluesound multiroom audio<br\/>2 Adam Audio active speakers<\/td><\/tr><tr><td>Owner&#8217;s suite<\/td><td>Bluesound multiroom audio system<br\/>2 KS Digital studio monitors<br\/>Workstation with 24-inch monitor<\/td><\/tr><tr><td>Seating area bridge deck aft<\/td><td>2 KS Digital studio monitors connected to owner&#8217;s cabin<\/td><\/tr><tr><td>Sun deck<\/td><td>Bluesound multiroom audio<br\/>2 KS Digital studio monitors<\/td><\/tr><\/tbody><\/table><\/figure>\n<\/details>\n\n\n\n<details class=\"wp-block-details is-layout-flow wp-block-details-is-layout-flow\"><summary>Nautical Equipment<\/summary>\n<figure class=\"wp-block-table\"><table><tbody><tr><td>Anchor<\/td><td>2 350 kg stainless steel at the bow with 250m chain<br\/>1 300 kg stainless steel at the stern, is currently in storage.<\/td><\/tr><tr><td>Mooring<\/td><td>2 120 m floating lines (60 mm\/15 t) on drum,<br\/>100 m shore line (50 mm\/25 t)<br\/>Straps for shore lines<br\/>Mooring lines \u2026<\/td><\/tr><tr><td>Bollards<\/td><td>5 pairs of stainless steel bollards on each side<\/td><\/tr><tr><td>Dinghy<\/td><td>1 Castoldi JT 14 diesel engine<br\/>1 Scanner 420 diesel engine<\/td><\/tr><tr><td>Horn<\/td><td>Kahlenberg D-2 double compressed air horn<\/td><\/tr><tr><td>Navigation Lights<\/td><td>Aqua Signal 24V with backup<\/td><\/tr><tr><td>Life Raft<\/td><td>4 Viking 8DK+ 8 persons<\/td><\/tr><\/tbody><\/table><\/figure>\n\n\n\n<h3 class=\"wp-block-heading\">All equipment exceeds classification standards.<\/h3>\n<\/details>\n\n\n\n<details class=\"wp-block-details is-layout-flow wp-block-details-is-layout-flow\"><summary>Other technical equipment<\/summary>\n<h3 class=\"wp-block-heading\">Only important technical parts are listed.<\/h3>\n\n\n\n<figure class=\"wp-block-table\"><table><tbody><tr><td>Wastewater treatment<\/td><td>Selmar Blue Sea 3500 3500l\/d<\/td><\/tr><tr><td>Water maker<\/td><td>2 Idromar MSE 130 (130 l\/h each)<\/td><\/tr><tr><td>Hot water<\/td><td>1 electric 10 kW radiator for use in port<br\/>Heat exchangers on all generators for cooling water<\/td><\/tr><tr><td>Pressurized water<\/td><td>2 Gianneschi 2 Jet 4 B C.E max. 4 bar (24V\/ 230V) <\/td><\/tr><tr><td>Fuel cleaning<\/td><td>Alfa Laval MIB 303<\/td><\/tr><tr><td>Bilge oil-water separator<\/td><td>BOSS 2.2T\/107<\/td><\/tr><tr><td>Shore power converter<\/td><td>50 kW 3-phase shore power transformer<\/td><\/tr><tr><td>Air conditioning<\/td><td>Marine Air 3 Chiller<\/td><\/tr><\/tbody><\/table><\/figure>\n<\/details>\n\n\n\n<details class=\"wp-block-details is-layout-flow wp-block-details-is-layout-flow\"><summary>Refits<\/summary>\n<h3 class=\"wp-block-heading\">In 2017, we installed the Hull Vane from Van Oossanen.<\/h3>\n\n\n\n<p>In the winter of 2018\/2019, we carried out the first overhaul in Antalya. In addition to the painting, we made an enormous weight reduction, as the Hull Vane caused too much stern trim on a lightly loaded boat. <\/p>\n\n\n\n<figure class=\"wp-block-table\"><table><tbody><tr><td>Paint<\/td><td>All exterior surfaces above the waterline were repainted with Awlgrip.<br\/>All exterior doors were removed and repainted.<\/td><\/tr><tr><td>Tables<\/td><td>The marble on all outdoor tables has been removed and replaced with teak.<\/td><\/tr><tr><td>Whirlpool<\/td><td>The whirlpool on the sun deck has been removed. (We only used it once, and it reduced about 1 t of weight at the high location.) <\/td><\/tr><tr><td>VSAT<\/td><td>The VSAT antenna was removed (100 kg) (is still in storage)<\/td><\/tr><tr><td>Owner&#8217;s Bathroom<\/td><td>The marble in the owner&#8217;s bathroom was replaced with wood up to the sink top.<\/td><\/tr><tr><td>Galley<\/td><td>The marble floor in the galley was replaced with beech wood (as in all other rooms on the main deck).<\/td><\/tr><tr><td>Hot Water<\/td><td>the 3rd 300 l storage tank was removed.<\/td><\/tr><tr><td> Shore Power Converter <\/td><td>The shore power converter was moved from the lazarette to the front of the engine room (500 kg).<\/td><\/tr><tr><td>Service Batteries<\/td><td>The service batteries were moved to the STB guest cabin and the captain&#8217;s cabin.<\/td><\/tr><tr><td>Stern Anchor<\/td><td>We stowed the stern anchor in our warehouse on land and added the chain to the bow anchor.<\/td><\/tr><tr><td>Ballast<\/td><td>We removed the lead ballast on Stb of about 1.3 t.<\/td><\/tr><\/tbody><\/table><\/figure>\n\n\n\n<p>All changes reduced the total weight by ~7 tons. The center of gravity was significantly lowered. The roll rate was reduced from ~9 seconds to ~7 seconds. The stability was noticeably increased.   <\/p>\n\n\n\n<p>In the winter of 2020, we replaced the Haman sewage treatment plant with a more modern Selmar system based on ozone with UV treatment.<\/p>\n\n\n\n<p>In 2022, we replaced the Ansch\u00fctz navigation devices ECDIS, radar and conning with the integrated bridge components NAVI Sailor, NAVI Radar and NAVI Conning from W\u00e4rtsil\u00e4, as the service for our Ansch\u00fctz hardware and software was discontinued.<\/p>\n\n\n\n<p>In the winter of 2024\/2025, we replaced all other navigation devices except for the Ansch\u00fctz gyro compass with the latest versions. (Echo sounder, speedometer AIS, DPGS, GPS compass, Inmarsat-C equipment).  <\/p>\n\n\n\n<p>After damage, the small 40 kW generator was replaced with a new 35 kW one. This resulted in significantly better diesel consumption in the low load range. <\/p>\n<\/details>\n<\/div>\n<\/div>\n<\/div>\n\n<div class=\"wp-block-group has-global-padding is-layout-constrained wp-block-group-is-layout-constrained\">\n<h2 class=\"wp-block-heading has-text-align-left\">Request more information<\/h2>\n\n\n\n<p>If you remain interested, please request the complete specification.<\/p>\n\n\n\n<div class=\"wp-block-buttons is-layout-flex wp-block-buttons-is-layout-flex\">\n<div class=\"wp-block-button\"><a class=\"wp-block-button__link wp-element-button\" href=\"https:\/\/mslola.eu\/en\/contact\/\">Full Specification<\/a><\/div>\n<\/div>\n<\/div>\n","protected":false},"excerpt":{"rendered":"<p>Discover the dimensions, technical data, and equipment of the Lola. Request more information If you remain interested, please request the complete specification.<\/p>\n","protected":false},"author":1,"featured_media":0,"parent":0,"menu_order":0,"comment_status":"closed","ping_status":"closed","template":"","meta":{"om_disable_all_campaigns":false,"_monsterinsights_skip_tracking":false,"_monsterinsights_sitenote_active":false,"_monsterinsights_sitenote_note":"","_monsterinsights_sitenote_category":0,"pgc_sgb_lightbox_settings":"","footnotes":""},"class_list":["post-801","page","type-page","status-publish","hentry"],"aioseo_notices":[],"_links":{"self":[{"href":"https:\/\/mslola.eu\/en\/wp-json\/wp\/v2\/pages\/801","targetHints":{"allow":["GET"]}}],"collection":[{"href":"https:\/\/mslola.eu\/en\/wp-json\/wp\/v2\/pages"}],"about":[{"href":"https:\/\/mslola.eu\/en\/wp-json\/wp\/v2\/types\/page"}],"author":[{"embeddable":true,"href":"https:\/\/mslola.eu\/en\/wp-json\/wp\/v2\/users\/1"}],"replies":[{"embeddable":true,"href":"https:\/\/mslola.eu\/en\/wp-json\/wp\/v2\/comments?post=801"}],"version-history":[{"count":10,"href":"https:\/\/mslola.eu\/en\/wp-json\/wp\/v2\/pages\/801\/revisions"}],"predecessor-version":[{"id":1366,"href":"https:\/\/mslola.eu\/en\/wp-json\/wp\/v2\/pages\/801\/revisions\/1366"}],"wp:attachment":[{"href":"https:\/\/mslola.eu\/en\/wp-json\/wp\/v2\/media?parent=801"}],"curies":[{"name":"wp","href":"https:\/\/api.w.org\/{rel}","templated":true}]}}