{"id":818,"date":"2025-12-24T16:06:40","date_gmt":"2025-12-24T15:06:40","guid":{"rendered":"https:\/\/mslola.eu\/plano-de-cubierta\/"},"modified":"2026-01-12T15:10:27","modified_gmt":"2026-01-12T14:10:27","slug":"plano-de-cubierta","status":"publish","type":"page","link":"https:\/\/mslola.eu\/es\/plano-de-cubierta\/","title":{"rendered":"Plano de cubierta"},"content":{"rendered":"\n<h2 class=\"wp-block-heading\" id=\"block-6c9b4d47-92f6-46d1-9e61-a93a26a731f4\">Descubra la distribuci\u00f3n de las 4 cubiertas del yate a motor Explorer Lola de 36 m<\/h2>\n\n<h3 class=\"wp-block-heading\" id=\"block-1ea1c0ef-a5f3-43ab-a88a-06c2781a6130\">Sol\u00e1rium con acceso a trav\u00e9s de la escalera en el Schornstein y la escalera desde el puente de mando<\/h3>\n\n<figure class=\"wp-block-image size-full\"><a href=\"https:\/\/mslola.eu\/wp-content\/uploads\/Lola-Sun-Deck.jpg\"><img decoding=\"async\" src=\"https:\/\/mslola.eu\/wp-content\/uploads\/Lola-Sun-Deck.jpg\" alt=\"Sol&#xE1;rium\" class=\"wp-image-407\" style=\"aspect-ratio:3.4829326549863304;object-fit:contain\"\/><\/a><figcaption class=\"wp-element-caption\">En la cubierta de proa se encuentra la zona de asientos de la tripulaci\u00f3n. En la parte delantera del sol\u00e1rium, bajo el bimini, se encuentra el gran banco de asientos con dos mesas de comedor en forma de ri\u00f1\u00f3n. En el Schornstein se encuentran el aseo, la ducha, la ventilaci\u00f3n de entrada y salida de la sala de m\u00e1quinas y la escalera interior a la cubierta del puente. Detr\u00e1s est\u00e1 el gran bar con taburetes fijos giratorios. En la popa se encuentra la zona de sol con tumbona y espacio de almacenamiento para m\u00e1s sillas de cubierta. Detr\u00e1s de la escalera exterior a la cubierta del puente hay una c\u00f3moda zona de estar.     <\/figcaption><\/figure>\n\n<h2 class=\"wp-block-heading\">Puente de mando con puente y suite del propietario<\/h2>\n\n<figure class=\"wp-block-image size-full\"><a href=\"https:\/\/mslola.eu\/wp-content\/uploads\/Lola-Brigde-Deck.jpg\"><img decoding=\"async\" src=\"https:\/\/mslola.eu\/wp-content\/uploads\/Lola-Brigde-Deck.jpg\" alt=\"\" class=\"wp-image-404\" style=\"aspect-ratio:3.4829876400766366;object-fit:contain\"\/><\/a><figcaption class=\"wp-element-caption\">Se puede acceder a la cubierta de proa a trav\u00e9s de una puerta y las escaleras. El puente tiene entradas a ambos lados y en el interior el acceso a la oficina, la sala de servidores y el vest\u00edbulo con las escaleras al sol\u00e1rium y a la cubierta principal y la suite del propietario con ba\u00f1o, zona de estar, escritorio y vestidor. Detr\u00e1s, en la zona cubierta, la zona de estar protegida. En la popa, en la zona soleada, las zonas de estar redondas y la gran mesa de comedor, con partes centrales plegables. Escalera a la cubierta principal y escalera al sol\u00e1rium.    <\/figcaption><\/figure>\n\n<h2 class=\"wp-block-heading\">Cubierta principal con cabina VIP, cocina y sal\u00f3n<\/h2>\n\n<figure class=\"wp-block-image size-full\"><a href=\"https:\/\/mslola.eu\/wp-content\/uploads\/Lola-Main-Deck.jpg\"><img decoding=\"async\" src=\"https:\/\/mslola.eu\/wp-content\/uploads\/Lola-Main-Deck.jpg\" alt=\"\" class=\"wp-image-406\" style=\"aspect-ratio:3.4829876400766366;object-fit:contain\"\/><\/a><figcaption class=\"wp-element-caption\">Cabina VIP con ba\u00f1o grande con ba\u00f1era y ducha. Detr\u00e1s est\u00e1 la cocina con la c\u00e1mara frigor\u00edfica. Escaleras a la cubierta del puente y a la cubierta inferior. Luego el sal\u00f3n con mesa de comedor para 10 personas y la zona de estar, TV extra\u00edble y bar con nevera y fregadero. En la cubierta de popa protegida est\u00e1 la gran mesa de comedor con parte central plegable. Delante est\u00e1 la escalera a la cubierta del puente y la entrada al pa\u00f1ol.     <\/figcaption><\/figure>\n\n<h2 class=\"wp-block-heading\">Cubierta inferior con zona de tripulaci\u00f3n, cabinas de invitados, sala de m\u00e1quinas y pa\u00f1ol<\/h2>\n\n<figure class=\"wp-block-image size-full\"><a href=\"https:\/\/mslola.eu\/wp-content\/uploads\/Lola-Lower-Deck.jpg\"><img decoding=\"async\" src=\"https:\/\/mslola.eu\/wp-content\/uploads\/Lola-Lower-Deck.jpg\" alt=\"\" class=\"wp-image-405\" style=\"aspect-ratio:3.4829876400766366;object-fit:contain\"\/><\/a><figcaption class=\"wp-element-caption\">Pico de proa con caja de cadenas, cabinas de tripulaci\u00f3n, comedor de tripulaci\u00f3n, lavander\u00eda con lavadora, secadora y 3 congeladores y cabina del capit\u00e1n. Detr\u00e1s est\u00e1n las cabinas de invitados con escalera a la cubierta principal y acceso a la sala de control y a la sala de m\u00e1quinas. En la popa, el pa\u00f1ol con ba\u00f1o de vapor y aseo y ducha. Salida a ambos lados a la plataforma de ba\u00f1o con la escalera de ba\u00f1o apta para perros. El muelle de la embarcaci\u00f3n auxiliar y en babor el banco de trabajo. Las instalaciones de extinci\u00f3n de incendios FM200, las instalaciones del tim\u00f3n y la caja para la pasarela giratoria y basculante tambi\u00e9n est\u00e1n alojadas all\u00ed. El suelo est\u00e1 cubierto con placas de acero inoxidable.      <\/figcaption><\/figure>\n\n<p><\/p>\n","protected":false},"excerpt":{"rendered":"<p>Descubra la distribuci\u00f3n de las 4 cubiertas del yate a motor Explorer Lola de 36 m Sol\u00e1rium con acceso a trav\u00e9s de la escalera en el Schornstein y la escalera desde el puente de mando Puente de mando con puente y suite del propietario Cubierta principal con cabina VIP, cocina y sal\u00f3n Cubierta inferior con [&hellip;]<\/p>\n","protected":false},"author":1,"featured_media":0,"parent":0,"menu_order":0,"comment_status":"closed","ping_status":"closed","template":"","meta":{"om_disable_all_campaigns":false,"_monsterinsights_skip_tracking":false,"_monsterinsights_sitenote_active":false,"_monsterinsights_sitenote_note":"","_monsterinsights_sitenote_category":0,"pgc_sgb_lightbox_settings":"","footnotes":""},"class_list":["post-818","page","type-page","status-publish","hentry"],"aioseo_notices":[],"_links":{"self":[{"href":"https:\/\/mslola.eu\/es\/wp-json\/wp\/v2\/pages\/818","targetHints":{"allow":["GET"]}}],"collection":[{"href":"https:\/\/mslola.eu\/es\/wp-json\/wp\/v2\/pages"}],"about":[{"href":"https:\/\/mslola.eu\/es\/wp-json\/wp\/v2\/types\/page"}],"author":[{"embeddable":true,"href":"https:\/\/mslola.eu\/es\/wp-json\/wp\/v2\/users\/1"}],"replies":[{"embeddable":true,"href":"https:\/\/mslola.eu\/es\/wp-json\/wp\/v2\/comments?post=818"}],"version-history":[{"count":1,"href":"https:\/\/mslola.eu\/es\/wp-json\/wp\/v2\/pages\/818\/revisions"}],"predecessor-version":[{"id":819,"href":"https:\/\/mslola.eu\/es\/wp-json\/wp\/v2\/pages\/818\/revisions\/819"}],"wp:attachment":[{"href":"https:\/\/mslola.eu\/es\/wp-json\/wp\/v2\/media?parent=818"}],"curies":[{"name":"wp","href":"https:\/\/api.w.org\/{rel}","templated":true}]}}