{"id":827,"date":"2025-12-25T16:04:10","date_gmt":"2025-12-25T15:04:10","guid":{"rendered":"https:\/\/mslola.eu\/especificaciones-del-yate-a-motor-explorer-lola-unico-en-su-clase\/"},"modified":"2026-02-27T09:32:07","modified_gmt":"2026-02-27T08:32:07","slug":"especificaciones-del-yate-a-motor-explorer-lola-unico-en-su-clase","status":"publish","type":"page","link":"https:\/\/mslola.eu\/es\/especificaciones-del-yate-a-motor-explorer-lola-unico-en-su-clase\/","title":{"rendered":"Especificaciones"},"content":{"rendered":"\n<div class=\"wp-block-group alignfull is-style-ext-preset--group--natural-1--section has-background-background-color has-background has-global-padding is-layout-constrained wp-container-core-group-is-layout-e955bbaf wp-block-group-is-layout-constrained\" id=\"specifications\" style=\"margin-top:0;margin-bottom:0;padding-top:var(--wp--preset--spacing--70);padding-bottom:var(--wp--preset--spacing--70)\">\n<div class=\"wp-block-group alignwide has-global-padding is-layout-constrained wp-container-core-group-is-layout-92b9201d wp-block-group-is-layout-constrained\">\n<div class=\"wp-block-group is-layout-flow wp-container-core-group-is-layout-fc3c91ea wp-block-group-is-layout-flow\">\n<h2 class=\"wp-block-heading\">Descubra las dimensiones, los datos t\u00e9cnicos y el equipamiento del Lola.<\/h2>\n\n\n\n<details class=\"wp-block-details is-layout-flow wp-block-details-is-layout-flow\"><summary>Construcci\u00f3n<\/summary>\n<figure class=\"wp-block-table\"><table><tbody><tr><td>Ingeniero naval<\/td><td>Van Ooossanen &amp; Associates, NL<\/td><\/tr><tr><td>Dise\u00f1o interior<\/td><td>Astillero Cyrus, Antalya, (una filial de Vitters) <\/td><\/tr><tr><td>Supervisi\u00f3n de la construcci\u00f3n<\/td><td>Roger Gruhn, Palma<\/td><\/tr><tr><td>Astillero de construcci\u00f3n<\/td><td>Peer Gynt, Antalya (propietario alem\u00e1n)<\/td><\/tr><tr><td>Electricidad y navegaci\u00f3n<\/td><td>Alewinsje, NL<\/td><\/tr><tr><td>Material del casco<\/td><td>Acero naval<\/td><\/tr><tr><td>Material de la superestructura<\/td><td>Material compuesto con refuerzos de fibra de carbono<\/td><\/tr><tr><td>Entrega<\/td><td>8\/2012<\/td><\/tr><tr><td>Estado del pabell\u00f3n<\/td><td>Malta<\/td><\/tr><tr><td>Clasificaci\u00f3n<\/td><td>Rina<\/td><\/tr><tr><td>Registro<\/td><td>2012-2014: Comercial<br\/>2014 &#8211; ahora: Privado<\/td><\/tr><tr><td>IVA<\/td><td>IVA europeo pagado<\/td><\/tr><\/tbody><\/table><\/figure>\n<\/details>\n\n\n\n<details class=\"wp-block-details is-layout-flow wp-block-details-is-layout-flow\"><summary>Casco y motores<\/summary>\n<figure class=\"wp-block-table is-style-regular\"><table><tbody><tr><td>Eslora total<\/td><td>36,00 m<\/td><\/tr><tr><td>Eslora de arqueo<\/td><td>32,51 m<\/td><\/tr><tr><td>Manga<\/td><td>8,40 m<\/td><\/tr><tr><td>Calado de dise\u00f1o<\/td><td>2,85 m<\/td><\/tr><tr><td>Desplazamiento de dise\u00f1o<\/td><td>350 to<\/td><\/tr><tr><td>Volumen total (tonelaje bruto)<\/td><td>341 to<\/td><\/tr><tr><td>Desplazamiento en vac\u00edo (sin l\u00edquidos)<\/td><td>283 to<\/td><\/tr><tr><td>Calado normal (302 to)<\/td><td>2,61 m<\/td><\/tr><tr><td>2 motores Yanmar 6AYM-WET H-Rated<\/td><td>555 kw<\/td><\/tr><tr><td>Generadores Kohler<\/td><td>35 kw<br\/>80 kw<br\/>80 kw<\/td><\/tr><tr><td>H\u00e9lice de proa TRAC 24&#8243;<\/td><td>m\u00e1x. 150 Hp<\/td><\/tr><tr><td>H\u00e9lice de popa TRAC 20&#8243;<\/td><td>m\u00e1x. 100 Hp<\/td><\/tr><tr><td>Estabilizador Trac 540 STAR<\/td><td>Aleta de 3,01 m x 1,27 m<\/td><\/tr><tr><td>Combustible m\u00e1ximo<\/td><td>56.400 l<\/td><\/tr><tr><td>Agua<\/td><td>10.000 l<\/td><\/tr><\/tbody><\/table><\/figure>\n<\/details>\n\n\n\n<details class=\"wp-block-details is-layout-flow wp-block-details-is-layout-flow\"><summary>Velocidad<\/summary>\n<h3 class=\"wp-block-heading\">Gracias al dise\u00f1o del casco con bulbo y Hull Vane de Van Oossanen Associates, el Lola ofrece un rendimiento excepcional. Todas las cifras incluyen el combustible del generador con un consumo medio en verano y una carga normal de unas 300 toneladas. <\/h3>\n\n\n\n<figure class=\"wp-block-table\"><table><thead><tr><th>T\u00edtulo<\/th><th>Velocidad<\/th><th>Consumo<\/th><th>Autonom\u00eda<\/th><\/tr><\/thead><tbody><tr><td>m\u00e1xima<\/td><td>13,3 kn<\/td><td>18 l\/NM<\/td><td>3100<\/td><\/tr><tr><td>crucero normal<\/td><td>10 kn <\/td><td>9 l\/NM<\/td><td>6200<\/td><\/tr><tr><td>crucero<br\/>aumentado<\/td><td>11 kn <\/td><td>10,2 l\/NM<\/td><td>5500<\/td><\/tr><tr><td>crucero m\u00e1ximo<\/td><td>12 kn<\/td><td>12,2 l\/NM<\/td><td>4600<\/td><\/tr><tr><td>crucero de larga distancia<\/td><td>9 kn <\/td><td>8 l\/NM<\/td><td>7000<\/td><\/tr><\/tbody><\/table><\/figure>\n<\/details>\n\n\n\n<details class=\"wp-block-details is-layout-flow wp-block-details-is-layout-flow\"><summary>Extinci\u00f3n de incendios<\/summary>\n<h3 class=\"wp-block-heading\">Extinci\u00f3n de incendios con componentes aprobados por RINA<\/h3>\n\n\n\n<figure class=\"wp-block-table\"><table><tbody><tr><td>Bombas<\/td><td>Equipo est\u00e1ndar de extinci\u00f3n de incendios, incluidas botellas de ox\u00edgeno y m\u00e1scaras<\/td><\/tr><tr><td>Sala de m\u00e1quinas<\/td><td>Protecci\u00f3n FM 200<br\/>Conexi\u00f3n para manguera contra incendios<\/td><\/tr><tr><td>Sauna Lazarette<\/td><td>Protecci\u00f3n FM 200<\/td><\/tr><tr><td>Detectores de humo<\/td><td>1 o m\u00e1s detectores de humo y calor en cada sala conectados al sistema de alarma contra incendios (aprox. 54 detectores)<\/td><\/tr><tr><td>Cubierta principal<br\/>Cubierta superior<br\/>Cubierta de sol<\/td><td>Escotilla de acceso con boquilla, manguera de agua y conexi\u00f3n de 3 pulgadas a cada lado en el centro del barco<\/td><\/tr><tr><td>Equipamiento<\/td><td>Equipo est\u00e1ndar de extinci\u00f3n de incendios, incluidas botellas de ox\u00edgeno y m\u00e1scaras<\/td><\/tr><\/tbody><\/table><\/figure>\n<\/details>\n\n\n\n<details class=\"wp-block-details is-layout-flow wp-block-details-is-layout-flow\"><summary>Navegaci\u00f3n<\/summary>\n<h3 class=\"wp-block-heading\">Se han instalado equipos de navegaci\u00f3n comerciales de proveedores l\u00edderes en el sector.<\/h3>\n\n\n\n<h3 class=\"wp-block-heading\">Casi todos los sistemas son nuevos y se instalaron en 2024\/2025.<\/h3>\n\n\n\n<figure class=\"wp-block-table\"><table class=\"has-fixed-layout\"><tbody><tr><td>Ordenador de navegaci\u00f3n<\/td><td>3 W\u00e4rtsil\u00e4 RS8, todos con Ecdis, Radar, Conning, NPL<\/td><\/tr><tr><td>Eco sonda<\/td><td>5 Duramon 26&#8243; aprobados por ECDIS<\/td><\/tr><tr><td>ECDIS<\/td><td>W\u00e4rtsil\u00e4 NS4000<\/td><\/tr><tr><td>Radar<\/td><td>W\u00e4rtsil\u00e4 NR4000<\/td><\/tr><tr><td>Antenas de radar<\/td><td>2 JRC 10-inch JMA-2254<\/td><\/tr><tr><td>Soporte en l\u00ednea<\/td><td>Monitor<\/td><\/tr><tr><td>Girocomp\u00e1s<\/td><td>Ansch\u00fctz ST22 <\/td><\/tr><tr><td>Comp\u00e1s GPS<\/td><td>JRC JRL 21<\/td><\/tr><tr><td>Comp\u00e1s magn\u00e9tico<\/td><td>Cassens &amp; Plath T12 con reflector de techo y conexi\u00f3n NMEA<\/td><\/tr><tr><td>DGPS<\/td><td>Saab R6 NAV precisi\u00f3n 0,3 m<\/td><\/tr><tr><td>AIS<\/td><td>Saab R6 AIS<\/td><\/tr><tr><td>Corredera<\/td><td>Skipper DL-1 Doppler Log <\/td><\/tr><tr><td>Sonda n\u00e1utica<\/td><td>Sensor Furuno FE800 de 50 y 200 kz<\/td><\/tr><tr><td>Sistema de alarma y supervisi\u00f3n<\/td><td>Praxis Automation, Holanda<br\/><br\/>2 servidores y una estaci\u00f3n de trabajo<br\/><br\/><\/td><\/tr><tr><td>Servidor principal del barco<\/td><td>Servidor Xeon de 64 bits basado en Linux, 24 n\u00facleos, 8 TB<br\/>Sistema de supervisi\u00f3n secundario<br\/>Programa de gesti\u00f3n del barco con libro de registro, documentaci\u00f3n, protocolos t\u00e9cnicos, datos de peso y centro de gravedad, plan de mantenimiento<\/td><\/tr><\/tbody><\/table><\/figure>\n<\/details>\n\n\n\n<details class=\"wp-block-details is-layout-flow wp-block-details-is-layout-flow\"><summary>Alojamiento<\/summary>\n<h3 class=\"wp-block-heading\">Alojamiento para 8 invitados y 6 tripulantes, con abundante espacio de almacenamiento para traves\u00edas largas<\/h3>\n\n\n\n<figure class=\"wp-block-table\"><table><tbody><tr><td>Suite del propietario<\/td><td>En la cubierta del puente en toda su anchura<br\/>Zona de estar<br\/>Escritorio con PC<br\/>Ba\u00f1era y ducha<br\/>Vestidor<\/td><\/tr><tr><td>Cabina VIP<\/td><td>Cubierta principal en toda su anchura, cama doble<br\/>Zona de estar<br\/>Escritorio con PC<br\/>Ba\u00f1o y ducha<\/td><\/tr><tr><td>2 cabinas de invitados<\/td><td>Cubierta inferior con dos camas<br\/>Zona de estar<br\/>Escritorio con PC<br\/>Ba\u00f1o y ducha<\/td><\/tr><tr><td>Camarote del capit\u00e1n<\/td><td>Cubierta inferior con cama doble<br\/>Escritorio con PC<br\/>Ba\u00f1o y ducha<\/td><\/tr><tr><td>Cabinas de la tripulaci\u00f3n<\/td><td>Zona de proa de la tripulaci\u00f3n<br\/>Dos literas<br\/>Ba\u00f1o y ducha<\/td><\/tr><\/tbody><\/table><\/figure>\n<\/details>\n\n\n\n<details class=\"wp-block-details is-layout-flow wp-block-details-is-layout-flow\"><summary>Soporte multimedia<\/summary>\n<h3 class=\"wp-block-heading\">M\u00fasica, Internet y televisi\u00f3n compatibles con cable e inal\u00e1mbricos en todo el barco.<\/h3>\n\n\n\n<figure class=\"wp-block-table\"><table><tbody><tr><td>Acceso a Internet<br\/>M\u00f3dem 6G LTE<\/td><td>M\u00f3dem 6G LTE con antenas de alta ganancia.<br\/>Se instal\u00f3 VSAT, pero se retir\u00f3 la antena. Todos los cables siguen siendo conectables. <\/td><\/tr><tr><td>Wifi <\/td><td>6 puntos de acceso wifi en todas las salas (incluida la sala de m\u00e1quinas y los lazaretos)<\/td><\/tr><tr><td>Cortafuegos<\/td><td>Router principal de firewall interno con VPN a la empresa<\/td><\/tr><tr><td>Transmisor de m\u00fasica en red<\/td><td>Transmisor de m\u00fasica Bluesound a trav\u00e9s de red\/Internet digital a la interfaz RME o anal\u00f3gico a altavoces activos para la reproducci\u00f3n de m\u00fasica s\u00edncrona en todas las salas seleccionadas<\/td><\/tr><tr><td>Sal\u00f3n<\/td><td>Gran televisor retr\u00e1ctil<br\/>Sistema de audio multisala Bluesound<br\/>4 monitores de estudio KS Digital<br\/>Estaci\u00f3n de trabajo con monitor de 20 pulgadas<\/td><\/tr><tr><td>Zona de estar en la cubierta principal<\/td><td>2 monitores de estudio KS Digital conectados al sal\u00f3n<\/td><\/tr><tr><td>Cocina<\/td><td>Audio multisala Bluesound<br\/>2 altavoces activos Dynaudio<\/td><\/tr><tr><td>VIP, camarotes de invitados, camarotes del capit\u00e1n, sala de tripulaci\u00f3n<\/td><td>PC con monitor de 21 pulgadas<br\/>Conexi\u00f3n de TV<br\/>2 altavoces activos de Adam Audio<\/td><\/tr><tr><td>Oficina del puente<\/td><td>Audio multisala Bluesound<br\/>2 altavoces activos Adam Audio<\/td><\/tr><tr><td>Suite del propietario<\/td><td>Sistema de audio multisala Bluesound<br\/>2 monitores de estudio KS Digital<br\/>Estaci\u00f3n de trabajo con monitor de 24 pulgadas<\/td><\/tr><tr><td>Zona de estar en la cubierta del puente en popa<\/td><td>2 monitores de estudio KS Digital conectados a la cabina del propietario<\/td><\/tr><tr><td>Cubierta de sol<\/td><td>Audio multisala Bluesound<br\/>2 monitores de estudio KS Digital<\/td><\/tr><\/tbody><\/table><\/figure>\n<\/details>\n\n\n\n<details class=\"wp-block-details is-layout-flow wp-block-details-is-layout-flow\"><summary>Equipamiento n\u00e1utico<\/summary>\n<figure class=\"wp-block-table\"><table><tbody><tr><td>Ancla<\/td><td>2 de acero inoxidable de 350 kg en la proa con cadena de 250 m<br\/>1 de acero inoxidable de 300 kg en la popa, actualmente en el almac\u00e9n.<\/td><\/tr><tr><td>Amarre<\/td><td>2 l\u00edneas de flotaci\u00f3n de 120 m (60 mm\/15 t) en el tambor,<br\/>L\u00ednea de tierra de 100 m (50 mm\/25 t)<br\/>Correas para l\u00edneas de tierra<br\/>L\u00edneas de amarre \u2026<\/td><\/tr><tr><td>Bolardos<\/td><td>5 pares de bolardos de acero inoxidable a cada lado<\/td><\/tr><tr><td>Bote auxiliar<\/td><td>1 m\u00e1quina di\u00e9sel Castoldi JT 14<br\/>1 m\u00e1quina di\u00e9sel Scanner 420<\/td><\/tr><tr><td>Bocina<\/td><td>Bocina neum\u00e1tica doble Kahlenberg D-2<\/td><\/tr><tr><td>Luces de navegaci\u00f3n<\/td><td>Aqua Signal 24V con copia de seguridad<\/td><\/tr><tr><td>Balsa salvavidas<\/td><td>4 Viking 8DK+ 8 personas<\/td><\/tr><\/tbody><\/table><\/figure>\n\n\n\n<h3 class=\"wp-block-heading\">Todos los equipos superan los est\u00e1ndares de clasificaci\u00f3n.<\/h3>\n<\/details>\n\n\n\n<details class=\"wp-block-details is-layout-flow wp-block-details-is-layout-flow\"><summary>Otro equipo t\u00e9cnico<\/summary>\n<h3 class=\"wp-block-heading\">Solo se enumeran las piezas t\u00e9cnicas importantes.<\/h3>\n\n\n\n<figure class=\"wp-block-table\"><table><tbody><tr><td>Depuraci\u00f3n de aguas residuales<\/td><td>Selmar Blue Sea 3500 3500 l\/d<\/td><\/tr><tr><td>Potabilizadora<\/td><td>2 Idromar MSE 130 (130 l\/h cada uno)<\/td><\/tr><tr><td>Agua caliente<\/td><td>1 calentador el\u00e9ctrico de 10 kW para uso en puerto<br\/>Intercambiadores de calor en todos los generadores para agua de refrigeraci\u00f3n<\/td><\/tr><tr><td>Agua a presi\u00f3n<\/td><td>2 Gianneschi 2 Jet 4 B C.E m\u00e1x. 4 bar (24 V\/230 V) <\/td><\/tr><tr><td>Limpieza de combustible<\/td><td>Alfa Laval MIB 303<\/td><\/tr><tr><td>Separador de agua y aceite de sentina<\/td><td>BOSS 2.2T\/107<\/td><\/tr><tr><td>Convertidor de energ\u00eda de tierra<\/td><td>Transformador de energ\u00eda de tierra trif\u00e1sico de 50 kW<\/td><\/tr><tr><td>Aire acondicionado<\/td><td>Marine Air 3 Chiller<\/td><\/tr><\/tbody><\/table><\/figure>\n<\/details>\n\n\n\n<details class=\"wp-block-details is-layout-flow wp-block-details-is-layout-flow\"><summary>Revisiones<\/summary>\n<h3 class=\"wp-block-heading\">En 2017 instalamos el Hull Vane de Van Oossanen.<\/h3>\n\n\n\n<p>En el invierno de 2018\/2019 realizamos la primera revisi\u00f3n en Antalya. Adem\u00e1s de la pintura, realizamos una enorme reducci\u00f3n de peso, ya que el Hull Vane provocaba demasiado trimado de popa en un barco ligeramente cargado. <\/p>\n\n\n\n<figure class=\"wp-block-table\"><table><tbody><tr><td>Pintura<\/td><td>Todas las superficies exteriores por encima de la l\u00ednea de flotaci\u00f3n se volvieron a pintar con Awlgrip.<br\/>Todas las puertas exteriores se retiraron y se volvieron a pintar.<\/td><\/tr><tr><td>Mesas<\/td><td>En todas las mesas exteriores se retir\u00f3 el m\u00e1rmol y se sustituy\u00f3 por teca.<\/td><\/tr><tr><td>Ba\u00f1era de hidromasaje<\/td><td>Se retir\u00f3 la ba\u00f1era de hidromasaje de la cubierta de sol. (Solo la usamos una vez y redujo aproximadamente 1 tonelada de peso en la zona elevada). <\/td><\/tr><tr><td>VSAT<\/td><td>Se retir\u00f3 la antena VSAT (100 kg) (todav\u00eda est\u00e1 en el almac\u00e9n)<\/td><\/tr><tr><td>Ba\u00f1o del propietario<\/td><td>Se sustituy\u00f3 el m\u00e1rmol del ba\u00f1o del propietario por madera hasta la encimera del lavabo.<\/td><\/tr><tr><td>Cocina<\/td><td>Se sustituy\u00f3 el suelo de m\u00e1rmol de la cocina por madera de haya (como en todas las dem\u00e1s habitaciones de la cubierta principal).<\/td><\/tr><tr><td>Agua caliente<\/td><td>se retir\u00f3 el 3er acumulador de 300 l.<\/td><\/tr><tr><td> Convertidor de energ\u00eda de tierra <\/td><td>El convertidor de energ\u00eda de tierra se traslad\u00f3 del lazareto a la parte delantera de la sala de m\u00e1quinas (500 kg).<\/td><\/tr><tr><td>Bater\u00edas de servicio<\/td><td>Las bater\u00edas de servicio se trasladaron a la cabina de invitados de estribor y al camarote del capit\u00e1n.<\/td><\/tr><tr><td>Ancla de popa<\/td><td>Guardamos el ancla de popa en nuestro almac\u00e9n en tierra y a\u00f1adimos la cadena al ancla de proa.<\/td><\/tr><tr><td>Lastre<\/td><td>Retiramos el lastre de plomo en estribor de aproximadamente 1,3 t.<\/td><\/tr><\/tbody><\/table><\/figure>\n\n\n\n<p>Todos los cambios redujeron el peso total en ~7 toneladas. El centro de gravedad se baj\u00f3 significativamente. La velocidad de balanceo se redujo de ~9 segundos a ~7 segundos. La estabilidad aument\u00f3 notablemente.   <\/p>\n\n\n\n<p>En invierno de 2020, reemplazamos la planta de tratamiento de aguas residuales Haman por una planta m\u00e1s moderna de Selmar basada en ozono con tratamiento UV.<\/p>\n\n\n\n<p>En 2022 sustituimos los equipos de navegaci\u00f3n Ansch\u00fctz ECDIS, radar y Conning por los componentes de puente integrados NAVI Sailor, NAVI Radar y NAVI Conning de W\u00e4rtsil\u00e4, ya que se interrumpi\u00f3 el servicio para nuestro hardware y software Ansch\u00fctz.<\/p>\n\n\n\n<p>En invierno de 2024\/2025, reemplazamos todos los dem\u00e1s equipos de navegaci\u00f3n, excepto el comp\u00e1s girosc\u00f3pico Ansch\u00fctz, por las versiones m\u00e1s recientes (ec\u00f3metro, veloc\u00edmetro AIS, DPGS, comp\u00e1s GPS, equipo Inmarsat-C).  <\/p>\n\n\n\n<p>Tras un da\u00f1o, el peque\u00f1o generador de 40 kW fue reemplazado por uno nuevo de 35 kW. En el rango de baja carga, esto result\u00f3 en un consumo de di\u00e9sel significativamente mejor. <\/p>\n<\/details>\n<\/div>\n<\/div>\n<\/div>\n\n<div class=\"wp-block-group has-global-padding is-layout-constrained wp-block-group-is-layout-constrained\">\n<h2 class=\"wp-block-heading has-text-align-left\">Solicitar m\u00e1s informaci\u00f3n<\/h2>\n\n\n\n<p>Si est\u00e1 interesado, solicite la especificaci\u00f3n completa.<\/p>\n\n\n\n<div class=\"wp-block-buttons is-layout-flex wp-block-buttons-is-layout-flex\">\n<div class=\"wp-block-button\"><a class=\"wp-block-button__link wp-element-button\" href=\"https:\/\/mslola.eu\/es\/contacto\/\">Especificaci\u00f3n completa<\/a><\/div>\n<\/div>\n<\/div>\n","protected":false},"excerpt":{"rendered":"<p>Descubra las dimensiones, los datos t\u00e9cnicos y el equipamiento del Lola. Solicitar m\u00e1s informaci\u00f3n Si est\u00e1 interesado, solicite la especificaci\u00f3n completa.<\/p>\n","protected":false},"author":1,"featured_media":0,"parent":0,"menu_order":0,"comment_status":"closed","ping_status":"closed","template":"","meta":{"om_disable_all_campaigns":false,"_monsterinsights_skip_tracking":false,"_monsterinsights_sitenote_active":false,"_monsterinsights_sitenote_note":"","_monsterinsights_sitenote_category":0,"pgc_sgb_lightbox_settings":"","footnotes":""},"class_list":["post-827","page","type-page","status-publish","hentry"],"aioseo_notices":[],"_links":{"self":[{"href":"https:\/\/mslola.eu\/es\/wp-json\/wp\/v2\/pages\/827","targetHints":{"allow":["GET"]}}],"collection":[{"href":"https:\/\/mslola.eu\/es\/wp-json\/wp\/v2\/pages"}],"about":[{"href":"https:\/\/mslola.eu\/es\/wp-json\/wp\/v2\/types\/page"}],"author":[{"embeddable":true,"href":"https:\/\/mslola.eu\/es\/wp-json\/wp\/v2\/users\/1"}],"replies":[{"embeddable":true,"href":"https:\/\/mslola.eu\/es\/wp-json\/wp\/v2\/comments?post=827"}],"version-history":[{"count":6,"href":"https:\/\/mslola.eu\/es\/wp-json\/wp\/v2\/pages\/827\/revisions"}],"predecessor-version":[{"id":1367,"href":"https:\/\/mslola.eu\/es\/wp-json\/wp\/v2\/pages\/827\/revisions\/1367"}],"wp:attachment":[{"href":"https:\/\/mslola.eu\/es\/wp-json\/wp\/v2\/media?parent=827"}],"curies":[{"name":"wp","href":"https:\/\/api.w.org\/{rel}","templated":true}]}}