{"id":847,"date":"2025-12-16T13:12:14","date_gmt":"2025-12-16T12:12:14","guid":{"rendered":"https:\/\/mslola.eu\/aviso-legal\/"},"modified":"2026-02-27T09:35:49","modified_gmt":"2026-02-27T08:35:49","slug":"aviso-legal","status":"publish","type":"page","link":"https:\/\/mslola.eu\/es\/aviso-legal\/","title":{"rendered":"Aviso legal"},"content":{"rendered":"\n<div class=\"wp-block-group alignfull has-global-padding is-layout-constrained wp-block-group-is-layout-constrained\">\n<p><br\/> <strong>Operador del sitio web:<\/strong><br\/> MY Lola<br\/>Puerto base: La Valeta (Malta)<br\/>Amarre actual 2025 &#8211; 2026:<br\/>D-Marin Didim<br\/>Direcci\u00f3n: \u00c7aml\u0131k Mah. 5027 Sok. No:3 <br\/>Didim \/ Ayd\u0131n No: 09295 \/ Ayd\u0131n<br\/>Turqu\u00eda  <\/p>\n\n\n\n<p><br\/> <strong>Informaci\u00f3n de contacto:<\/strong><\/p>\n\n\n\n<p>Correo electr\u00f3nico: <a href=\"mailto:info@mslola.eu\">info@mslola.eu<\/a><br\/>Sitio web: https:\/\/mslola.eu<br\/><br\/> <strong>Capit\u00e1n:<\/strong><br\/> Kayhan Yesildag<br\/>Tel\u00e9fono: <a href=\"tel:+90%C2%A0541%20919%2042%2062\" title=\"\">+90 541 919 42 62<\/a><br\/> Correo electr\u00f3nico: <a href=\"mailto:kayhanyesildag@gmail.com\" title=\"\">kayhanyesildag@gmail.com<\/a><\/p>\n\n\n\n<p><strong>Agente de ventas:<\/strong><br\/>Roger Gruhn<br\/>Tel\u00e9fono:<a href=\"tel:+34%20639%20635375\" title=\"\">+34 639 635375<\/a> <br\/> Correo electr\u00f3nico: <a href=\"mailto:Yachtconsultant@gmx.net\" title=\"\">Yachtconsultant@gmx.net<\/a><br\/><br\/> <strong>Registro:<\/strong><br\/> Registrado en: Malta<br\/> Puerto base: Valletta<br\/> IMO: 9656709<br\/> Indicativo de llamada: 9HA3018<br\/><br\/> <strong>\u00daltima actualizaci\u00f3n:<\/strong><br\/> 27-02-2026<\/p>\n\n\n\n<p><strong>Traducciones<\/strong><\/p>\n\n\n\n<p>La traducci\u00f3n de los textos en alem\u00e1n se ha realizado mediante un software con tecnolog\u00eda de IA. Rogamos disculpen cualquier imprecisi\u00f3n. <\/p>\n<\/div>\n","protected":false},"excerpt":{"rendered":"<p>Operador del sitio web: MY LolaPuerto base: La Valeta (Malta)Amarre actual 2025 &#8211; 2026:D-Marin DidimDirecci\u00f3n: \u00c7aml\u0131k Mah. 5027 Sok. No:3 Didim \/ Ayd\u0131n No: 09295 \/ Ayd\u0131nTurqu\u00eda Informaci\u00f3n de contacto: Correo electr\u00f3nico: info@mslola.euSitio web: https:\/\/mslola.eu Capit\u00e1n: Kayhan YesildagTel\u00e9fono: +90 541 919 42 62 Correo electr\u00f3nico: kayhanyesildag@gmail.com Agente de ventas:Roger GruhnTel\u00e9fono:+34 639 635375 Correo electr\u00f3nico: Yachtconsultant@gmx.net [&hellip;]<\/p>\n","protected":false},"author":1,"featured_media":0,"parent":0,"menu_order":0,"comment_status":"closed","ping_status":"closed","template":"","meta":{"om_disable_all_campaigns":false,"_monsterinsights_skip_tracking":false,"_monsterinsights_sitenote_active":false,"_monsterinsights_sitenote_note":"","_monsterinsights_sitenote_category":0,"pgc_sgb_lightbox_settings":"","footnotes":""},"class_list":["post-847","page","type-page","status-publish","hentry"],"aioseo_notices":[],"_links":{"self":[{"href":"https:\/\/mslola.eu\/es\/wp-json\/wp\/v2\/pages\/847","targetHints":{"allow":["GET"]}}],"collection":[{"href":"https:\/\/mslola.eu\/es\/wp-json\/wp\/v2\/pages"}],"about":[{"href":"https:\/\/mslola.eu\/es\/wp-json\/wp\/v2\/types\/page"}],"author":[{"embeddable":true,"href":"https:\/\/mslola.eu\/es\/wp-json\/wp\/v2\/users\/1"}],"replies":[{"embeddable":true,"href":"https:\/\/mslola.eu\/es\/wp-json\/wp\/v2\/comments?post=847"}],"version-history":[{"count":4,"href":"https:\/\/mslola.eu\/es\/wp-json\/wp\/v2\/pages\/847\/revisions"}],"predecessor-version":[{"id":1362,"href":"https:\/\/mslola.eu\/es\/wp-json\/wp\/v2\/pages\/847\/revisions\/1362"}],"wp:attachment":[{"href":"https:\/\/mslola.eu\/es\/wp-json\/wp\/v2\/media?parent=847"}],"curies":[{"name":"wp","href":"https:\/\/api.w.org\/{rel}","templated":true}]}}