{"id":816,"date":"2025-12-24T16:06:40","date_gmt":"2025-12-24T15:06:40","guid":{"rendered":"https:\/\/mslola.eu\/gueverte-plani\/"},"modified":"2026-01-12T15:10:28","modified_gmt":"2026-01-12T14:10:28","slug":"gueverte-plani","status":"publish","type":"page","link":"https:\/\/mslola.eu\/tr\/gueverte-plani\/","title":{"rendered":"G\u00fcverte Plan\u0131"},"content":{"rendered":"\n<h2 class=\"wp-block-heading\" id=\"block-6c9b4d47-92f6-46d1-9e61-a93a26a731f4\">36 m Explorer Yat Lola&#8217;n\u0131n 4 g\u00fcvertesinin yerle\u015fimini ke\u015ffedin<\/h2>\n\n<h3 class=\"wp-block-heading\" id=\"block-1ea1c0ef-a5f3-43ab-a88a-06c2781a6130\">Schornstein&#8217;deki ini\u015f ve K\u00f6pr\u00fc G\u00fcvertesi&#8217;nden \u00e7\u0131k\u0131\u015f yoluyla eri\u015filen G\u00fcne\u015flenme G\u00fcvertesi<\/h3>\n\n<figure class=\"wp-block-image size-full\"><a href=\"https:\/\/mslola.eu\/wp-content\/uploads\/Lola-Sun-Deck.jpg\"><img decoding=\"async\" src=\"https:\/\/mslola.eu\/wp-content\/uploads\/Lola-Sun-Deck.jpg\" alt=\"G&#xFC;ne&#x15F;lenme G&#xFC;vertesi\" class=\"wp-image-407\" style=\"aspect-ratio:3.4829326549863304;object-fit:contain\"\/><\/a><figcaption class=\"wp-element-caption\">\u00d6n g\u00fcvertede m\u00fcrettebat oturma k\u00f6\u015fesini g\u00f6rebilirsiniz. G\u00fcne\u015flenme G\u00fcvertesi&#8217;nin \u00f6n\u00fcnde, bimini alt\u0131nda, iki b\u00f6brek \u015feklinde yemek masas\u0131na sahip b\u00fcy\u00fck bir oturma bank\u0131 bulunmaktad\u0131r. Schornstein&#8217;de tuvalet, du\u015f, makine dairesi havaland\u0131rmas\u0131 ve Brigde G\u00fcvertesi&#8217;ne giden i\u00e7 ini\u015f bulunmaktad\u0131r. Arkas\u0131nda, sabit d\u00f6ner tabureli b\u00fcy\u00fck bar bulunmaktad\u0131r. K\u0131\u00e7ta, g\u00fcne\u015flenme yata\u011f\u0131 ve ek g\u00fcverte sandalyeleri i\u00e7in depolama alan\u0131 bulunan g\u00fcne\u015flenme alan\u0131 bulunmaktad\u0131r. Brigde G\u00fcvertesi&#8217;ne giden d\u0131\u015f ini\u015fin arkas\u0131nda rahat bir oturma alan\u0131 bulunmaktad\u0131r.     <\/figcaption><\/figure>\n\n<h2 class=\"wp-block-heading\">K\u00f6pr\u00fc ve Sahip S\u00fciti bulunan K\u00f6pr\u00fc G\u00fcvertesi<\/h2>\n\n<figure class=\"wp-block-image size-full\"><a href=\"https:\/\/mslola.eu\/wp-content\/uploads\/Lola-Brigde-Deck.jpg\"><img decoding=\"async\" src=\"https:\/\/mslola.eu\/wp-content\/uploads\/Lola-Brigde-Deck.jpg\" alt=\"\" class=\"wp-image-404\" style=\"aspect-ratio:3.4829876400766366;object-fit:contain\"\/><\/a><figcaption class=\"wp-element-caption\">\u00d6n tarafa bir kap\u0131 ve merdiven arac\u0131l\u0131\u011f\u0131yla ula\u015f\u0131l\u0131r. K\u00f6pr\u00fc&#8217;n\u00fcn her iki taraf\u0131nda giri\u015fler ve i\u00e7eride Ofis, Sunucu Odas\u0131 ve G\u00fcne\u015flenme G\u00fcvertesi ve Ana G\u00fcverte&#8217;ye giden merdivenlerin bulundu\u011fu Lobi ile banyo, oturma alan\u0131, \u00e7al\u0131\u015fma masas\u0131 ve giyinme odas\u0131 bulunan Sahip S\u00fciti&#8217;ne eri\u015fim bulunmaktad\u0131r. Arkas\u0131nda, kapal\u0131 alanda korunakl\u0131 oturma k\u00f6\u015fesi bulunmaktad\u0131r. K\u0131\u00e7ta, g\u00fcne\u015fli alanda yuvarlak oturma alanlar\u0131 ve katlanabilir orta par\u00e7alara sahip b\u00fcy\u00fck yemek masas\u0131 bulunmaktad\u0131r. Ana G\u00fcverte&#8217;ye ini\u015f ve G\u00fcne\u015flenme G\u00fcvertesi&#8217;ne \u00e7\u0131k\u0131\u015f.    <\/figcaption><\/figure>\n\n<h2 class=\"wp-block-heading\">VIP Kabin, Mutfak ve Salon bulunan Ana G\u00fcverte<\/h2>\n\n<figure class=\"wp-block-image size-full\"><a href=\"https:\/\/mslola.eu\/wp-content\/uploads\/Lola-Main-Deck.jpg\"><img decoding=\"async\" src=\"https:\/\/mslola.eu\/wp-content\/uploads\/Lola-Main-Deck.jpg\" alt=\"\" class=\"wp-image-406\" style=\"aspect-ratio:3.4829876400766366;object-fit:contain\"\/><\/a><figcaption class=\"wp-element-caption\">K\u00fcvet ve du\u015f i\u00e7eren b\u00fcy\u00fck banyolu VIP Kabin. Arkas\u0131nda so\u011futma odas\u0131 bulunan Mutfak. Brigde G\u00fcvertesi ve Alt G\u00fcverte&#8217;ye giden merdivenler. Daha sonra 10 ki\u015filik yemek masas\u0131 ve oturma alan\u0131, a\u00e7\u0131l\u0131r TV ve buzdolab\u0131 ve lavabolu bar bulunan Salon. Korumal\u0131 k\u0131\u00e7 g\u00fcvertesinde, katlanabilir orta par\u00e7al\u0131 b\u00fcy\u00fck yemek masas\u0131 bulunmaktad\u0131r. \u00d6n\u00fcnde Brigde G\u00fcvertesi&#8217;ne \u00e7\u0131k\u0131\u015f ve Lazarette&#8217;ye giri\u015f.     <\/figcaption><\/figure>\n\n<h2 class=\"wp-block-heading\">M\u00fcrettebat Alan\u0131, Misafir Kabinleri, Makine Dairesi ve Lazarette bulunan Alt G\u00fcverte<\/h2>\n\n<figure class=\"wp-block-image size-full\"><a href=\"https:\/\/mslola.eu\/wp-content\/uploads\/Lola-Lower-Deck.jpg\"><img decoding=\"async\" src=\"https:\/\/mslola.eu\/wp-content\/uploads\/Lola-Lower-Deck.jpg\" alt=\"\" class=\"wp-image-405\" style=\"aspect-ratio:3.4829876400766366;object-fit:contain\"\/><\/a><figcaption class=\"wp-element-caption\">Zincir Dolab\u0131, M\u00fcrettebat Kabinleri, M\u00fcrettebat Yemekhanesi, \u00c7ama\u015f\u0131r Makinesi, Kurutucu ve 3 Derin Dondurucu bulunan Loundry ve Kaptan Kabini bulunan Fore Peak. Arkas\u0131nda Ana G\u00fcverte&#8217;ye \u00e7\u0131k\u0131\u015f ve Kontrol Odas\u0131 ve Makine Dairesi&#8217;ne eri\u015fim bulunan Misafir Kabinleri. K\u0131\u00e7ta Buhar Banyosu ve Tuvalet ve Du\u015f bulunan Lazzarette. Her iki tarafta da k\u00f6pek dostu y\u00fczme merdiveni bulunan y\u00fczme platformuna \u00e7\u0131k\u0131\u015f. \u0130hale R\u0131ht\u0131m\u0131 ve iskele taraf\u0131nda tezgah. FM200 yang\u0131n s\u00f6nd\u00fcrme sistemleri, d\u00fcmen sistemleri ve d\u00f6ner ve e\u011filebilir pasarella kutusu da orada bulunmaktad\u0131r. Zemin paslanmaz \u00e7elik zemin plakalar\u0131 ile kapl\u0131d\u0131r.      <\/figcaption><\/figure>\n\n<p><\/p>\n","protected":false},"excerpt":{"rendered":"<p>36 m Explorer Yat Lola&#8217;n\u0131n 4 g\u00fcvertesinin yerle\u015fimini ke\u015ffedin Schornstein&#8217;deki ini\u015f ve K\u00f6pr\u00fc G\u00fcvertesi&#8217;nden \u00e7\u0131k\u0131\u015f yoluyla eri\u015filen G\u00fcne\u015flenme G\u00fcvertesi K\u00f6pr\u00fc ve Sahip S\u00fciti bulunan K\u00f6pr\u00fc G\u00fcvertesi VIP Kabin, Mutfak ve Salon bulunan Ana G\u00fcverte M\u00fcrettebat Alan\u0131, Misafir Kabinleri, Makine Dairesi ve Lazarette bulunan Alt G\u00fcverte<\/p>\n","protected":false},"author":1,"featured_media":0,"parent":0,"menu_order":0,"comment_status":"closed","ping_status":"closed","template":"","meta":{"om_disable_all_campaigns":false,"_monsterinsights_skip_tracking":false,"_monsterinsights_sitenote_active":false,"_monsterinsights_sitenote_note":"","_monsterinsights_sitenote_category":0,"pgc_sgb_lightbox_settings":"","footnotes":""},"class_list":["post-816","page","type-page","status-publish","hentry"],"aioseo_notices":[],"_links":{"self":[{"href":"https:\/\/mslola.eu\/tr\/wp-json\/wp\/v2\/pages\/816","targetHints":{"allow":["GET"]}}],"collection":[{"href":"https:\/\/mslola.eu\/tr\/wp-json\/wp\/v2\/pages"}],"about":[{"href":"https:\/\/mslola.eu\/tr\/wp-json\/wp\/v2\/types\/page"}],"author":[{"embeddable":true,"href":"https:\/\/mslola.eu\/tr\/wp-json\/wp\/v2\/users\/1"}],"replies":[{"embeddable":true,"href":"https:\/\/mslola.eu\/tr\/wp-json\/wp\/v2\/comments?post=816"}],"version-history":[{"count":1,"href":"https:\/\/mslola.eu\/tr\/wp-json\/wp\/v2\/pages\/816\/revisions"}],"predecessor-version":[{"id":817,"href":"https:\/\/mslola.eu\/tr\/wp-json\/wp\/v2\/pages\/816\/revisions\/817"}],"wp:attachment":[{"href":"https:\/\/mslola.eu\/tr\/wp-json\/wp\/v2\/media?parent=816"}],"curies":[{"name":"wp","href":"https:\/\/api.w.org\/{rel}","templated":true}]}}