{"id":831,"date":"2025-12-25T16:04:10","date_gmt":"2025-12-25T15:04:10","guid":{"rendered":"https:\/\/mslola.eu\/essiz-lola-motorlu-yatin-oezellikleri\/"},"modified":"2026-02-27T09:32:07","modified_gmt":"2026-02-27T08:32:07","slug":"essiz-lola-motorlu-yatin-oezellikleri","status":"publish","type":"page","link":"https:\/\/mslola.eu\/tr\/essiz-lola-motorlu-yatin-oezellikleri\/","title":{"rendered":"\u00d6zellikler"},"content":{"rendered":"\n<div class=\"wp-block-group alignfull is-style-ext-preset--group--natural-1--section has-background-background-color has-background has-global-padding is-layout-constrained wp-container-core-group-is-layout-e955bbaf wp-block-group-is-layout-constrained\" id=\"specifications\" style=\"margin-top:0;margin-bottom:0;padding-top:var(--wp--preset--spacing--70);padding-bottom:var(--wp--preset--spacing--70)\">\n<div class=\"wp-block-group alignwide has-global-padding is-layout-constrained wp-container-core-group-is-layout-92b9201d wp-block-group-is-layout-constrained\">\n<div class=\"wp-block-group is-layout-flow wp-container-core-group-is-layout-fc3c91ea wp-block-group-is-layout-flow\">\n<h2 class=\"wp-block-heading\">Lola&#8217;n\u0131n boyutlar\u0131n\u0131, teknik \u00f6zelliklerini ve donan\u0131m\u0131n\u0131 ke\u015ffedin.<\/h2>\n\n\n\n<details class=\"wp-block-details is-layout-flow wp-block-details-is-layout-flow\"><summary>Konstr\u00fcksiyon<\/summary>\n<figure class=\"wp-block-table\"><table><tbody><tr><td>Gemi \u0130n\u015fa M\u00fchendisi<\/td><td>Van Ooossanen &amp; Associates, NL<\/td><\/tr><tr><td>\u0130\u00e7 Tasar\u0131m<\/td><td>Cyrus Werft, Antalya, (bir Vitters i\u015ftiraki) <\/td><\/tr><tr><td>\u0130n\u015faat Denetimi<\/td><td>Roger Gruhn, Palma<\/td><\/tr><tr><td>\u0130n\u015faat Tersanesi<\/td><td>Peer Gynt, Antalya (Alman Sahibi)<\/td><\/tr><tr><td>Elektrik ve Navigasyon<\/td><td>Alewinsje, NL<\/td><\/tr><tr><td>G\u00f6vde Malzemesi<\/td><td>Gemi \u0130n\u015fa \u00c7eli\u011fi<\/td><\/tr><tr><td>\u00dcstyap\u0131 Malzemesi<\/td><td>Karbon fiber takviyeli kompozit malzeme<\/td><\/tr><tr><td>Teslimat<\/td><td>8\/2012<\/td><\/tr><tr><td>Bayrak Devleti<\/td><td>Malta<\/td><\/tr><tr><td>S\u0131n\u0131fland\u0131rma<\/td><td>Rina<\/td><\/tr><tr><td>Kay\u0131t<\/td><td>2012-2014: Ticari<br\/>2014 &#8211; \u015fimdi: \u00d6zel<\/td><\/tr><tr><td>KDV<\/td><td>Avrupa KDV&#8217;si \u00f6denmi\u015ftir<\/td><\/tr><\/tbody><\/table><\/figure>\n<\/details>\n\n\n\n<details class=\"wp-block-details is-layout-flow wp-block-details-is-layout-flow\"><summary>G\u00f6vde ve makineler<\/summary>\n<figure class=\"wp-block-table is-style-regular\"><table><tbody><tr><td>Tam boy<\/td><td>36,00m<\/td><\/tr><tr><td>\u00d6l\u00e7\u00fcm Uzunlu\u011fu<\/td><td>32,51m<\/td><\/tr><tr><td>Geni\u015flik<\/td><td>8,40m<\/td><\/tr><tr><td>Tasar\u0131m Su \u00c7ekimi<\/td><td>2,85m<\/td><\/tr><tr><td>Tasar\u0131m Deplasman<\/td><td>350 ton<\/td><\/tr><tr><td>Toplam Hacim (Gross Tonaj)<\/td><td>341 ton<\/td><\/tr><tr><td>Bo\u015f Deplasman (s\u0131v\u0131lar hari\u00e7)<\/td><td>283 ton<\/td><\/tr><tr><td>Normal Su \u00c7ekimi (302 ton)<\/td><td>2,61m<\/td><\/tr><tr><td>2 adet Yanmar 6AYM-WET H-Rated makine<\/td><td>555kw<\/td><\/tr><tr><td>Kohler jenerat\u00f6rler<\/td><td>35kw<br\/>80kw<br\/>80kw<\/td><\/tr><tr><td>Ba\u015f Pervanesi TRAC 24&#8243;<\/td><td>maks. 150Hp<\/td><\/tr><tr><td>K\u0131\u00e7 Pervanesi TRAC 20&#8243;<\/td><td>maks. 100Hp<\/td><\/tr><tr><td>Stabilizat\u00f6r Trac 540 STAR<\/td><td>3.01m x 1.27m Fin<\/td><\/tr><tr><td>Maksimum Yak\u0131t<\/td><td>56.400 l<\/td><\/tr><tr><td>Su<\/td><td>10.000 l<\/td><\/tr><\/tbody><\/table><\/figure>\n<\/details>\n\n\n\n<details class=\"wp-block-details is-layout-flow wp-block-details-is-layout-flow\"><summary>H\u0131z<\/summary>\n<h3 class=\"wp-block-heading\">Van Oossanen Associates&#8217;in Bulb ve Hull Vane ile g\u00f6vde tasar\u0131m\u0131 sayesinde Lola, ola\u011fan\u00fcst\u00fc bir performans sunar. T\u00fcm rakamlar, ortalama yaz t\u00fcketimi ve yakla\u015f\u0131k 300 tonluk normal y\u00fckte jenerat\u00f6r yak\u0131t\u0131n\u0131 i\u00e7erir. <\/h3>\n\n\n\n<figure class=\"wp-block-table\"><table><thead><tr><th>Ba\u015fl\u0131k<\/th><th>H\u0131z<\/th><th>T\u00fcketim<\/th><th>Menzil<\/th><\/tr><\/thead><tbody><tr><td>maksimum<\/td><td>13,3 kn<\/td><td>18 l\/NM<\/td><td>3100<\/td><\/tr><tr><td>normal seyir<\/td><td>10 kn <\/td><td>9 l\/NM<\/td><td>6200<\/td><\/tr><tr><td>art\u0131r\u0131lm\u0131\u015f<br\/>seyir<\/td><td>11 kn <\/td><td>10,2 l\/NM<\/td><td>5500<\/td><\/tr><tr><td>maksimum seyir<\/td><td>12 kn<\/td><td>12,2 l\/NM<\/td><td>4600<\/td><\/tr><tr><td>Uzun mesafe seyri<\/td><td>9 kn <\/td><td>8 l\/NM<\/td><td>7000<\/td><\/tr><\/tbody><\/table><\/figure>\n<\/details>\n\n\n\n<details class=\"wp-block-details is-layout-flow wp-block-details-is-layout-flow\"><summary>Yang\u0131nla M\u00fccadele<\/summary>\n<h3 class=\"wp-block-heading\">Yang\u0131nla M\u00fccadele Rina onayl\u0131 bile\u015fenler<\/h3>\n\n\n\n<figure class=\"wp-block-table\"><table><tbody><tr><td>Pompalar<\/td><td>Oksijen t\u00fcpleri ve maskeler dahil standart yang\u0131n s\u00f6nd\u00fcrme ekipman\u0131<\/td><\/tr><tr><td>Makine Dairesi<\/td><td>FM 200 korumal\u0131<br\/>Yang\u0131n hortumu ba\u011flant\u0131s\u0131<\/td><\/tr><tr><td>Lazaret Sauna<\/td><td>FM 200 korumal\u0131<\/td><\/tr><tr><td>Duman Dedekt\u00f6r\u00fc<\/td><td>Her odada yang\u0131n alarm sistemine ba\u011fl\u0131 1 veya daha fazla duman ve \u0131s\u0131 dedekt\u00f6r\u00fc (yakla\u015f\u0131k 54 dedekt\u00f6r)<\/td><\/tr><tr><td>Ana G\u00fcverte<br\/>\u00dcst G\u00fcverte<br\/>G\u00fcne\u015flenme G\u00fcvertesi<\/td><td>Geminin her iki yan\u0131nda, orta k\u0131s\u0131mda noz\u00fcl, su hortumu ve 3 in\u00e7lik ba\u011flant\u0131 bulunan eri\u015fim kapa\u011f\u0131<\/td><\/tr><tr><td>Ekipman<\/td><td>Oksijen t\u00fcpleri ve maskeler dahil standart yang\u0131n s\u00f6nd\u00fcrme ekipman\u0131<\/td><\/tr><\/tbody><\/table><\/figure>\n<\/details>\n\n\n\n<details class=\"wp-block-details is-layout-flow wp-block-details-is-layout-flow\"><summary>Navigasyon<\/summary>\n<h3 class=\"wp-block-heading\">Sekt\u00f6r lideri tedarik\u00e7ilerden ticari navigasyon cihazlar\u0131 kurulmu\u015ftur.<\/h3>\n\n\n\n<h3 class=\"wp-block-heading\">Neredeyse t\u00fcm sistemler yeni olup 2024\/2025&#8217;te kurulmu\u015ftur.<\/h3>\n\n\n\n<figure class=\"wp-block-table\"><table class=\"has-fixed-layout\"><tbody><tr><td>Navigasyon Bilgisayar\u0131<\/td><td>3 W\u00e4rtsil\u00e4 RS8, hepsi Ecdis, Radar, Conning, NPL ile<\/td><\/tr><tr><td>Eko Lot<\/td><td>5 Duramon 26&#8243; ECDIS onayl\u0131<\/td><\/tr><tr><td>ECDIS<\/td><td>W\u00e4rtsil\u00e4 NS4000<\/td><\/tr><tr><td>Radar<\/td><td>W\u00e4rtsil\u00e4 NR4000<\/td><\/tr><tr><td>Radar Antenleri<\/td><td>2 JRC 10 in\u00e7 JMA-2254<\/td><\/tr><tr><td>\u00c7evrimi\u00e7i Destek<\/td><td>Monit\u00f6r<\/td><\/tr><tr><td>Cayro Pusula<\/td><td>Ansch\u00fctz ST22 <\/td><\/tr><tr><td>GPS Pusula<\/td><td>JRC JRL 21<\/td><\/tr><tr><td>Manyetik Pusula<\/td><td>Tavan reflekt\u00f6r\u00fc ve NMEA ba\u011flant\u0131s\u0131 ile Cassens &amp; Plath T12<\/td><\/tr><tr><td>DGPS<\/td><td>Saab R6 NAV do\u011frulu\u011fu 0.3m<\/td><\/tr><tr><td>AIS<\/td><td>Saab R6 AIS<\/td><\/tr><tr><td>H\u0131z Kayd\u0131<\/td><td>Skipper DL-1 Doppler Log <\/td><\/tr><tr><td>Eko Seslendirici<\/td><td>Furuno FE800 50 ve 200kz sens\u00f6r\u00fc<\/td><\/tr><tr><td>Alarm ve \u0130zleme Sistemi<\/td><td>Praxis Automation, Hollanda<br\/><br\/>2 Sunucu ve bir \u0130\u015f \u0130stasyonu<br\/><br\/><\/td><\/tr><tr><td>Gemi Ana Sunucusu<\/td><td>Linux tabanl\u0131 64 Bit Xeon Sunucu, 24 \u00e7ekirdek, 8TB<br\/>\u0130kincil \u0130zleme Sistemi<br\/>Seyir defteri, dok\u00fcmantasyon, teknik protokoller, a\u011f\u0131rl\u0131k ve a\u011f\u0131rl\u0131k merkezi bilgileri, bak\u0131m plan\u0131 i\u00e7eren gemi y\u00f6netim program\u0131<\/td><\/tr><\/tbody><\/table><\/figure>\n<\/details>\n\n\n\n<details class=\"wp-block-details is-layout-flow wp-block-details-is-layout-flow\"><summary>Konaklama<\/summary>\n<h3 class=\"wp-block-heading\">Uzun yolculuklar i\u00e7in bol miktarda depolama alan\u0131 ile 8 misafir ve 6 m\u00fcrettebat i\u00e7in konaklama<\/h3>\n\n\n\n<figure class=\"wp-block-table\"><table><tbody><tr><td>Sahip s\u00fciti<\/td><td>K\u00f6pr\u00fc g\u00fcvertesinde tam geni\u015flikte<br\/>Oturma alan\u0131<br\/>PC&#8217;li \u00e7al\u0131\u015fma masas\u0131<br\/>K\u00fcvet ve du\u015f<br\/>Giyinme odas\u0131<\/td><\/tr><tr><td>VIP Kabin<\/td><td>Ana g\u00fcvertede tam geni\u015flikte, \u00e7ift ki\u015filik yatak<br\/>Oturma alan\u0131<br\/>PC&#8217;li \u00e7al\u0131\u015fma masas\u0131<br\/>Banyo ve du\u015f<\/td><\/tr><tr><td>2 Misafir Kabini<\/td><td>\u0130ki yatakl\u0131 alt g\u00fcverte<br\/>Oturma alan\u0131<br\/>PC&#8217;li \u00e7al\u0131\u015fma masas\u0131<br\/>Banyo ve du\u015f<\/td><\/tr><tr><td>Kaptan Kamaras\u0131<\/td><td>\u00c7ift ki\u015filik yatakl\u0131 alt g\u00fcverte<br\/>PC&#8217;li \u00e7al\u0131\u015fma masas\u0131<br\/>Banyo ve du\u015f<\/td><\/tr><tr><td>M\u00fcrettebat Kabinleri<\/td><td>\u00d6n m\u00fcrettebat alan\u0131<br\/>\u0130ki ranza<br\/>Banyo ve du\u015f<\/td><\/tr><\/tbody><\/table><\/figure>\n<\/details>\n\n\n\n<details class=\"wp-block-details is-layout-flow wp-block-details-is-layout-flow\"><summary>Multimedya Deste\u011fi<\/summary>\n<h3 class=\"wp-block-heading\">M\u00fczik, internet ve televizyon, gemi genelinde kablo ve WLAN \u00fczerinden desteklenmektedir.<\/h3>\n\n\n\n<figure class=\"wp-block-table\"><table><tbody><tr><td>\u0130nternet Eri\u015fimi<br\/>6G LTE Modem<\/td><td>Y\u00fcksek kazan\u00e7l\u0131 antenlere sahip 6G LTE modem.<br\/>VSAT kuruldu, ancak anten s\u00f6k\u00fcld\u00fc. T\u00fcm kablolar hala ba\u011flanabilir durumda. <\/td><\/tr><tr><td>WLAN <\/td><td>T\u00fcm odalarda 6 WLAN eri\u015fim noktas\u0131 (makine dairesi ve revirler dahil)<\/td><\/tr><tr><td>G\u00fcvenlik Duvar\u0131<\/td><td>\u015eirkete VPN&#8217;li dahili g\u00fcvenlik duvar\u0131 ana y\u00f6nlendiricisi<\/td><\/tr><tr><td>A\u011f M\u00fczik Yay\u0131nc\u0131s\u0131<\/td><td>Bluesound M\u00fczik Yay\u0131nc\u0131s\u0131, a\u011f \/ internet \u00fczerinden dijital olarak RME aray\u00fcz\u00fcne veya analog olarak aktif hoparl\u00f6rlere, se\u00e7ilen t\u00fcm odalarda senkronize m\u00fczik \u00e7alma i\u00e7in<\/td><\/tr><tr><td>Salon<\/td><td>B\u00fcy\u00fck a\u00e7\u0131l\u0131r TV<br\/>Bluesound \u00c7ok Odal\u0131 Ses Sistemi<br\/>4 KS Digital St\u00fcdyo Monit\u00f6r\u00fc<br\/>20 in\u00e7 monit\u00f6rl\u00fc i\u015f istasyonu<\/td><\/tr><tr><td>Ana g\u00fcvertede oturma alan\u0131<\/td><td>Salona ba\u011fl\u0131 2 KS Digital St\u00fcdyo Monit\u00f6r\u00fc<\/td><\/tr><tr><td>Mutfak<\/td><td>Bluesound \u00e7ok odal\u0131 ses<br\/>2 Dynaudio aktif hoparl\u00f6r<\/td><\/tr><tr><td>VIP, misafir, kaptan kamaralar\u0131, m\u00fcrettebat odas\u0131<\/td><td>21 in\u00e7 monit\u00f6rl\u00fc PC<br\/>TV ba\u011flant\u0131s\u0131<br\/>Adam Audio&#8217;dan 2 aktif hoparl\u00f6r<\/td><\/tr><tr><td>K\u00f6pr\u00fc Ofisi<\/td><td>Bluesound \u00c7ok Odal\u0131 Ses<br\/>2 Adam Audio Aktif hoparl\u00f6r<\/td><\/tr><tr><td>Sahip S\u00fciti<\/td><td>Bluesound \u00c7ok Odal\u0131 Ses Sistemi<br\/>2 KS Digital St\u00fcdyo Monit\u00f6r\u00fc<br\/>24 in\u00e7 monit\u00f6rl\u00fc i\u015f istasyonu<\/td><\/tr><tr><td>K\u00f6pr\u00fc g\u00fcvertesi k\u0131\u00e7 taraf\u0131nda oturma alan\u0131<\/td><td>Sahip kabinine ba\u011fl\u0131 2 KS Digital St\u00fcdyo Monit\u00f6r\u00fc<\/td><\/tr><tr><td>G\u00fcne\u015flenme g\u00fcvertesi<\/td><td>Bluesound \u00c7ok Odal\u0131 Ses<br\/>2 KS Digital St\u00fcdyo Monit\u00f6r\u00fc<\/td><\/tr><\/tbody><\/table><\/figure>\n<\/details>\n\n\n\n<details class=\"wp-block-details is-layout-flow wp-block-details-is-layout-flow\"><summary>Denizcilik Ekipmanlar\u0131<\/summary>\n<figure class=\"wp-block-table\"><table><tbody><tr><td>\u00c7apa<\/td><td>250m zincirli 2 350 kg paslanmaz \u00e7elik ba\u015f tarafta<br\/>1 300 kg paslanmaz \u00e7elik k\u0131\u00e7 tarafta, \u015fu anda depoda.<\/td><\/tr><tr><td>Halatlar<\/td><td>Makarada 2 120 m y\u00fczd\u00fcrme halat\u0131 (60 mm\/15 t),<br\/>100 m kara halat\u0131 (50 mm\/25 t)<br\/>Kara halatlar\u0131 i\u00e7in kay\u0131\u015flar<br\/>Halatlar \u2026<\/td><\/tr><tr><td>Baba<\/td><td>Her iki tarafta 5 \u00e7ift paslanmaz \u00e7elik baba<\/td><\/tr><tr><td>Bot<\/td><td>1 Castoldi JT 14 Dizel motor<br\/>1 Scanner 420 Dizel motor<\/td><\/tr><tr><td>Korna<\/td><td>Kahlenberg D-2 \u00c7ift Bas\u0131n\u00e7l\u0131 Hava Kornas\u0131<\/td><\/tr><tr><td>Seyir Fenerleri<\/td><td>Yedekli Aqua Signal 24V<\/td><\/tr><tr><td>Can Kurtaran Ada<\/td><td>4 Viking 8DK+ 8 ki\u015filik<\/td><\/tr><\/tbody><\/table><\/figure>\n\n\n\n<h3 class=\"wp-block-heading\">T\u00fcm ekipman par\u00e7alar\u0131 s\u0131n\u0131fland\u0131rma standartlar\u0131n\u0131 a\u015fmaktad\u0131r.<\/h3>\n<\/details>\n\n\n\n<details class=\"wp-block-details is-layout-flow wp-block-details-is-layout-flow\"><summary>Di\u011fer teknik ekipman<\/summary>\n<h3 class=\"wp-block-heading\">Sadece \u00f6nemli teknik par\u00e7alar listelenmi\u015ftir.<\/h3>\n\n\n\n<figure class=\"wp-block-table\"><table><tbody><tr><td>At\u0131k Su Ar\u0131tma<\/td><td>Selmar Blue Sea 3500 3500l\/d<\/td><\/tr><tr><td>Su Yap\u0131c\u0131<\/td><td>2 Idromar MSE 130 (her biri 130 l\/saat)<\/td><\/tr><tr><td>S\u0131cak Su<\/td><td>Liman kullan\u0131m\u0131na y\u00f6nelik 1 adet 10 kW&#8217;l\u0131k elektrikli \u0131s\u0131t\u0131c\u0131<br\/>So\u011futma suyu i\u00e7in t\u00fcm jenerat\u00f6rlerde \u0131s\u0131 e\u015fanj\u00f6r\u00fc<\/td><\/tr><tr><td>Bas\u0131n\u00e7l\u0131 Su<\/td><td>2 Gianneschi 2 Jet 4 B C.E maks. 4 bar (24V\/ 230V) <\/td><\/tr><tr><td>Yak\u0131t Temizleme<\/td><td>Alfa Laval MIB 303<\/td><\/tr><tr><td>Sintine Ya\u011f\u0131-Su Ay\u0131r\u0131c\u0131<\/td><td>BOSS 2.2T\/107<\/td><\/tr><tr><td>K\u0131y\u0131 G\u00fc\u00e7 D\u00f6n\u00fc\u015ft\u00fcr\u00fcc\u00fc<\/td><td>50 kW 3 fazl\u0131 k\u0131y\u0131 g\u00fc\u00e7 transformat\u00f6r\u00fc<\/td><\/tr><tr><td>Klima<\/td><td>Marine Air 3 Chiller<\/td><\/tr><\/tbody><\/table><\/figure>\n<\/details>\n\n\n\n<details class=\"wp-block-details is-layout-flow wp-block-details-is-layout-flow\"><summary>Revizyonlar<\/summary>\n<h3 class=\"wp-block-heading\">2017 y\u0131l\u0131nda Van Oossanen&#8217;den Hull Vane&#8217;i kurduk.<\/h3>\n\n\n\n<p>2018\/2019 k\u0131\u015f\u0131nda Antalya&#8217;da ilk revizyonu ger\u00e7ekle\u015ftirdik. Boyamaya ek olarak, hafif y\u00fckl\u00fc bir teknede Hull Vane \u00e7ok fazla k\u0131\u00e7 trimine neden oldu\u011fundan, muazzam bir a\u011f\u0131rl\u0131k azalt\u0131m\u0131 yapt\u0131k. <\/p>\n\n\n\n<figure class=\"wp-block-table\"><table><tbody><tr><td>Boya<\/td><td>Su hatt\u0131n\u0131n \u00fczerindeki t\u00fcm d\u0131\u015f y\u00fczeyler Awlgrip ile yeniden boyand\u0131.<br\/>T\u00fcm d\u0131\u015f kap\u0131lar s\u00f6k\u00fcl\u00fcp yeniden boyand\u0131.<\/td><\/tr><tr><td>Masalar<\/td><td>T\u00fcm d\u0131\u015f masalardaki mermer s\u00f6k\u00fclerek yerine tik a\u011fac\u0131 yerle\u015ftirildi.<\/td><\/tr><tr><td>Jakuzi<\/td><td>G\u00fcne\u015flenme g\u00fcvertesindeki jakuzi s\u00f6k\u00fcld\u00fc. (Sadece bir kez kulland\u0131k ve y\u00fcksek konumda yakla\u015f\u0131k 1 ton a\u011f\u0131rl\u0131k azaltt\u0131.) <\/td><\/tr><tr><td>VSAT<\/td><td>VSAT anteni s\u00f6k\u00fcld\u00fc (100 kg) (hala depoda)<\/td><\/tr><tr><td>Sahip Banyosu<\/td><td>Sahibin banyosundaki mermer, lavabo tablas\u0131na kadar ah\u015fapla de\u011fi\u015ftirildi.<\/td><\/tr><tr><td>Kiler<\/td><td>Kilerdeki mermer zemin, (ana g\u00fcvertede di\u011fer t\u00fcm odalarda oldu\u011fu gibi) kay\u0131n a\u011fac\u0131 ile de\u011fi\u015ftirildi.<\/td><\/tr><tr><td>S\u0131cak su<\/td><td>3. 300 l depolama alan\u0131 kald\u0131r\u0131ld\u0131.<\/td><\/tr><tr><td> K\u0131y\u0131 g\u00fcc\u00fc d\u00f6n\u00fc\u015ft\u00fcr\u00fcc\u00fc <\/td><td>K\u0131y\u0131 g\u00fcc\u00fc d\u00f6n\u00fc\u015ft\u00fcr\u00fcc\u00fc, lazaretten makine dairesinin \u00f6n\u00fcne ta\u015f\u0131nd\u0131 (500 kg).<\/td><\/tr><tr><td>Servis Ak\u00fcleri<\/td><td>Servis ak\u00fcleri, STB misafir kabinine ve kaptan kamaras\u0131na ta\u015f\u0131nd\u0131.<\/td><\/tr><tr><td>K\u0131\u00e7 Demir<\/td><td>K\u0131\u00e7 demiri karadaki depomuza kald\u0131rd\u0131k ve zinciri ba\u015f demirine ekledik.<\/td><\/tr><tr><td>Balast<\/td><td>Stb&#8217;deki yakla\u015f\u0131k 1,3 tonluk kur\u015fun balast\u0131 kald\u0131rd\u0131k.<\/td><\/tr><\/tbody><\/table><\/figure>\n\n\n\n<p>T\u00fcm de\u011fi\u015fiklikler sayesinde toplam a\u011f\u0131rl\u0131k ~7 ton azalt\u0131ld\u0131. A\u011f\u0131rl\u0131k merkezi \u00f6nemli \u00f6l\u00e7\u00fcde al\u00e7alt\u0131ld\u0131. Yuvarlanma h\u0131z\u0131 ~9 saniyeden ~7 saniyeye d\u00fc\u015f\u00fcr\u00fcld\u00fc. Stabilite g\u00f6zle g\u00f6r\u00fcl\u00fcr \u015fekilde artt\u0131r\u0131ld\u0131.   <\/p>\n\n\n\n<p>2020 k\u0131\u015f\u0131nda Haman at\u0131k su ar\u0131tma tesisini, Selmar&#8217;\u0131n ozon bazl\u0131 UV i\u015flemine sahip daha modern bir tesisiyle de\u011fi\u015ftirdik.<\/p>\n\n\n\n<p>2022&#8217;de, Ansch\u00fctz navigasyon cihazlar\u0131m\u0131z ECDIS, Radar ve Conning i\u00e7in hizmet durduruldu\u011fundan, Ansch\u00fctz navigasyon cihazlar\u0131n\u0131 W\u00e4rtsil\u00e4&#8217;n\u0131n entegre k\u00f6pr\u00fc bile\u015fenleri NAVI Sailor, NAVI Radar ve NAVI Conning ile de\u011fi\u015ftirdik.<\/p>\n\n\n\n<p>2024\/2025 k\u0131\u015f\u0131nda, Ansch\u00fctz gyro pusulas\u0131 d\u0131\u015f\u0131ndaki t\u00fcm di\u011fer navigasyon cihazlar\u0131n\u0131 en son s\u00fcr\u00fcmleriyle de\u011fi\u015ftirdik. (Ekolot, h\u0131z \u00f6l\u00e7er AIS, DPGS, GPS pusula, Inmarsat-C ekipman\u0131).  <\/p>\n\n\n\n<p>Bir hasar sonras\u0131nda, k\u00fc\u00e7\u00fck 40 kW&#8217;l\u0131k jenerat\u00f6r yeni bir 35 kW&#8217;l\u0131k ile de\u011fi\u015ftirildi. D\u00fc\u015f\u00fck y\u00fck aral\u0131\u011f\u0131nda bu, \u00f6nemli \u00f6l\u00e7\u00fcde daha iyi bir dizel t\u00fcketimi sa\u011flad\u0131. <\/p>\n<\/details>\n<\/div>\n<\/div>\n<\/div>\n\n<div class=\"wp-block-group has-global-padding is-layout-constrained wp-block-group-is-layout-constrained\">\n<h2 class=\"wp-block-heading has-text-align-left\">Daha fazla bilgi talep edin<\/h2>\n\n\n\n<p>Daha fazla bilgi edinmek isterseniz, l\u00fctfen tam teknik \u00f6zellikleri talep ediniz.<\/p>\n\n\n\n<div class=\"wp-block-buttons is-layout-flex wp-block-buttons-is-layout-flex\">\n<div class=\"wp-block-button\"><a class=\"wp-block-button__link wp-element-button\" href=\"https:\/\/mslola.eu\/tr\/iletisim\/\">Tam Spesifikasyon<\/a><\/div>\n<\/div>\n<\/div>\n","protected":false},"excerpt":{"rendered":"<p>Lola&#8217;n\u0131n boyutlar\u0131n\u0131, teknik \u00f6zelliklerini ve donan\u0131m\u0131n\u0131 ke\u015ffedin. Daha fazla bilgi talep edin Daha fazla bilgi edinmek isterseniz, l\u00fctfen tam teknik \u00f6zellikleri talep ediniz.<\/p>\n","protected":false},"author":1,"featured_media":0,"parent":0,"menu_order":0,"comment_status":"closed","ping_status":"closed","template":"","meta":{"om_disable_all_campaigns":false,"_monsterinsights_skip_tracking":false,"_monsterinsights_sitenote_active":false,"_monsterinsights_sitenote_note":"","_monsterinsights_sitenote_category":0,"pgc_sgb_lightbox_settings":"","footnotes":""},"class_list":["post-831","page","type-page","status-publish","hentry"],"aioseo_notices":[],"_links":{"self":[{"href":"https:\/\/mslola.eu\/tr\/wp-json\/wp\/v2\/pages\/831","targetHints":{"allow":["GET"]}}],"collection":[{"href":"https:\/\/mslola.eu\/tr\/wp-json\/wp\/v2\/pages"}],"about":[{"href":"https:\/\/mslola.eu\/tr\/wp-json\/wp\/v2\/types\/page"}],"author":[{"embeddable":true,"href":"https:\/\/mslola.eu\/tr\/wp-json\/wp\/v2\/users\/1"}],"replies":[{"embeddable":true,"href":"https:\/\/mslola.eu\/tr\/wp-json\/wp\/v2\/comments?post=831"}],"version-history":[{"count":6,"href":"https:\/\/mslola.eu\/tr\/wp-json\/wp\/v2\/pages\/831\/revisions"}],"predecessor-version":[{"id":1365,"href":"https:\/\/mslola.eu\/tr\/wp-json\/wp\/v2\/pages\/831\/revisions\/1365"}],"wp:attachment":[{"href":"https:\/\/mslola.eu\/tr\/wp-json\/wp\/v2\/media?parent=831"}],"curies":[{"name":"wp","href":"https:\/\/api.w.org\/{rel}","templated":true}]}}