{"id":841,"date":"2025-12-22T14:31:39","date_gmt":"2025-12-22T13:31:39","guid":{"rendered":"https:\/\/mslola.eu\/harici\/"},"modified":"2026-01-27T16:13:48","modified_gmt":"2026-01-27T15:13:48","slug":"harici","status":"publish","type":"page","link":"https:\/\/mslola.eu\/tr\/harici\/","title":{"rendered":"Harici"},"content":{"rendered":"\n<div class=\"wp-block-group has-global-padding is-layout-constrained wp-block-group-is-layout-constrained\">\n<div class=\"wp-block-group alignfull is-vertical is-content-justification-center is-layout-flex wp-container-core-group-is-layout-c9ee0c5a wp-block-group-is-layout-flex\">\n<div class=\"wp-block-group has-global-padding is-layout-constrained wp-container-core-group-is-layout-dd32767c wp-block-group-is-layout-constrained\">\n<h2 class=\"wp-block-heading has-text-align-center\">Klasik 36 m Explorer Yat Lola&#8217;n\u0131n g\u00f6r\u00fcn\u00fcmleri<\/h2>\n\n\n\n<p class=\"has-text-align-center\">Lola&#8217;n\u0131n g\u00fcvertesindeki \u015fekli ve g\u00fcne\u015fli veya r\u00fczgar ve ya\u011fmurdan korunan bir\u00e7ok yeri ke\u015ffedin <\/p>\n<\/div>\n<\/div>\n\n\n\n<figure class=\"wp-block-gallery alignfull has-nested-images columns-default is-cropped wp-block-gallery-1 is-layout-flex wp-block-gallery-is-layout-flex\">\n<figure class=\"wp-block-image size-full\"><a href=\"https:\/\/mslola.eu\/wp-content\/uploads\/20130704_180417.jpg\"><img loading=\"lazy\" decoding=\"async\" width=\"3264\" height=\"1836\" data-id=\"1160\" src=\"https:\/\/mslola.eu\/wp-content\/uploads\/20130704_180417.jpg\" alt=\"\" class=\"wp-image-1160\" srcset=\"https:\/\/mslola.eu\/wp-content\/uploads\/20130704_180417.jpg 3264w, https:\/\/mslola.eu\/wp-content\/uploads\/20130704_180417-300x169.jpg 300w, https:\/\/mslola.eu\/wp-content\/uploads\/20130704_180417-1024x576.jpg 1024w, https:\/\/mslola.eu\/wp-content\/uploads\/20130704_180417-150x84.jpg 150w, https:\/\/mslola.eu\/wp-content\/uploads\/20130704_180417-768x432.jpg 768w, https:\/\/mslola.eu\/wp-content\/uploads\/20130704_180417-1536x864.jpg 1536w, https:\/\/mslola.eu\/wp-content\/uploads\/20130704_180417-2048x1152.jpg 2048w\" sizes=\"auto, (max-width: 3264px) 100vw, 3264px\" \/><\/a><\/figure>\n\n\n\n<figure class=\"wp-block-image size-full\"><a href=\"https:\/\/mslola.eu\/wp-content\/uploads\/20130704_180111.jpg\"><img loading=\"lazy\" decoding=\"async\" width=\"3264\" height=\"1836\" data-id=\"1159\" src=\"https:\/\/mslola.eu\/wp-content\/uploads\/20130704_180111.jpg\" alt=\"\" class=\"wp-image-1159\" srcset=\"https:\/\/mslola.eu\/wp-content\/uploads\/20130704_180111.jpg 3264w, https:\/\/mslola.eu\/wp-content\/uploads\/20130704_180111-300x169.jpg 300w, https:\/\/mslola.eu\/wp-content\/uploads\/20130704_180111-1024x576.jpg 1024w, https:\/\/mslola.eu\/wp-content\/uploads\/20130704_180111-150x84.jpg 150w, https:\/\/mslola.eu\/wp-content\/uploads\/20130704_180111-768x432.jpg 768w, https:\/\/mslola.eu\/wp-content\/uploads\/20130704_180111-1536x864.jpg 1536w, https:\/\/mslola.eu\/wp-content\/uploads\/20130704_180111-2048x1152.jpg 2048w\" sizes=\"auto, (max-width: 3264px) 100vw, 3264px\" \/><\/a><\/figure>\n\n\n\n<figure class=\"wp-block-image size-full is-style-ext-preset--image--natural-1--image-1--content-any\"><a href=\"https:\/\/mslola.eu\/wp-content\/uploads\/DJI_0043.jpg\"><img loading=\"lazy\" decoding=\"async\" width=\"4000\" height=\"2250\" data-id=\"1168\" src=\"https:\/\/mslola.eu\/wp-content\/uploads\/DJI_0043.jpg\" alt=\"\" class=\"wp-image-1168\" style=\"object-fit:cover\" srcset=\"https:\/\/mslola.eu\/wp-content\/uploads\/DJI_0043.jpg 4000w, https:\/\/mslola.eu\/wp-content\/uploads\/DJI_0043-300x169.jpg 300w\" sizes=\"auto, (max-width: 4000px) 100vw, 4000px\" \/><\/a><\/figure>\n\n\n\n<figure class=\"wp-block-image size-full\"><a href=\"https:\/\/mslola.eu\/wp-content\/uploads\/LolaHeliGoedceck.jpg\"><img loading=\"lazy\" decoding=\"async\" width=\"1378\" height=\"777\" data-id=\"1173\" src=\"https:\/\/mslola.eu\/wp-content\/uploads\/LolaHeliGoedceck.jpg\" alt=\"\" class=\"wp-image-1173\" srcset=\"https:\/\/mslola.eu\/wp-content\/uploads\/LolaHeliGoedceck.jpg 1378w, https:\/\/mslola.eu\/wp-content\/uploads\/LolaHeliGoedceck-300x169.jpg 300w, https:\/\/mslola.eu\/wp-content\/uploads\/LolaHeliGoedceck-1024x577.jpg 1024w, https:\/\/mslola.eu\/wp-content\/uploads\/LolaHeliGoedceck-150x85.jpg 150w, https:\/\/mslola.eu\/wp-content\/uploads\/LolaHeliGoedceck-768x433.jpg 768w\" sizes=\"auto, (max-width: 1378px) 100vw, 1378px\" \/><\/a><\/figure>\n\n\n\n<figure class=\"wp-block-image size-full is-style-ext-preset--image--natural-1--image-1--content-left\"><a href=\"https:\/\/mslola.eu\/wp-content\/uploads\/DJI_0036.jpg\"><img loading=\"lazy\" decoding=\"async\" width=\"2093\" height=\"1950\" data-id=\"1164\" src=\"https:\/\/mslola.eu\/wp-content\/uploads\/DJI_0036.jpg\" alt=\"\" class=\"wp-image-1164\" style=\"object-fit:cover\" srcset=\"https:\/\/mslola.eu\/wp-content\/uploads\/DJI_0036.jpg 2093w, https:\/\/mslola.eu\/wp-content\/uploads\/DJI_0036-300x280.jpg 300w, https:\/\/mslola.eu\/wp-content\/uploads\/DJI_0036-1024x954.jpg 1024w, https:\/\/mslola.eu\/wp-content\/uploads\/DJI_0036-150x140.jpg 150w, https:\/\/mslola.eu\/wp-content\/uploads\/DJI_0036-768x716.jpg 768w, https:\/\/mslola.eu\/wp-content\/uploads\/DJI_0036-1536x1431.jpg 1536w, https:\/\/mslola.eu\/wp-content\/uploads\/DJI_0036-2048x1908.jpg 2048w\" sizes=\"auto, (max-width: 2093px) 100vw, 2093px\" \/><\/a><\/figure>\n\n\n\n<figure class=\"wp-block-image size-full\"><a href=\"https:\/\/mslola.eu\/wp-content\/uploads\/LolaFromHeliAstypalaia2022.jpg\"><img loading=\"lazy\" decoding=\"async\" width=\"1442\" height=\"901\" data-id=\"1172\" src=\"https:\/\/mslola.eu\/wp-content\/uploads\/LolaFromHeliAstypalaia2022.jpg\" alt=\"\" class=\"wp-image-1172\" srcset=\"https:\/\/mslola.eu\/wp-content\/uploads\/LolaFromHeliAstypalaia2022.jpg 1442w, https:\/\/mslola.eu\/wp-content\/uploads\/LolaFromHeliAstypalaia2022-300x187.jpg 300w, https:\/\/mslola.eu\/wp-content\/uploads\/LolaFromHeliAstypalaia2022-1024x640.jpg 1024w, https:\/\/mslola.eu\/wp-content\/uploads\/LolaFromHeliAstypalaia2022-150x94.jpg 150w, https:\/\/mslola.eu\/wp-content\/uploads\/LolaFromHeliAstypalaia2022-768x480.jpg 768w\" sizes=\"auto, (max-width: 1442px) 100vw, 1442px\" \/><\/a><\/figure>\n\n\n\n<figure class=\"wp-block-image size-full\"><a href=\"https:\/\/mslola.eu\/wp-content\/uploads\/SternMitLeiter.jpg\"><img loading=\"lazy\" decoding=\"async\" width=\"568\" height=\"724\" data-id=\"1177\" src=\"https:\/\/mslola.eu\/wp-content\/uploads\/SternMitLeiter.jpg\" alt=\"\" class=\"wp-image-1177\" srcset=\"https:\/\/mslola.eu\/wp-content\/uploads\/SternMitLeiter.jpg 568w, https:\/\/mslola.eu\/wp-content\/uploads\/SternMitLeiter-235x300.jpg 235w, https:\/\/mslola.eu\/wp-content\/uploads\/SternMitLeiter-118x150.jpg 118w\" sizes=\"auto, (max-width: 568px) 100vw, 568px\" \/><\/a><\/figure>\n\n\n\n<figure class=\"wp-block-image size-full\"><a href=\"https:\/\/mslola.eu\/wp-content\/uploads\/SternGarage.jpg\"><img loading=\"lazy\" decoding=\"async\" width=\"1164\" height=\"794\" data-id=\"1175\" src=\"https:\/\/mslola.eu\/wp-content\/uploads\/SternGarage.jpg\" alt=\"\" class=\"wp-image-1175\" srcset=\"https:\/\/mslola.eu\/wp-content\/uploads\/SternGarage.jpg 1164w, https:\/\/mslola.eu\/wp-content\/uploads\/SternGarage-300x205.jpg 300w, https:\/\/mslola.eu\/wp-content\/uploads\/SternGarage-1024x699.jpg 1024w, https:\/\/mslola.eu\/wp-content\/uploads\/SternGarage-150x102.jpg 150w, https:\/\/mslola.eu\/wp-content\/uploads\/SternGarage-768x524.jpg 768w\" sizes=\"auto, (max-width: 1164px) 100vw, 1164px\" \/><\/a><\/figure>\n\n\n\n<figure class=\"wp-block-image size-full\"><a href=\"https:\/\/mslola.eu\/wp-content\/uploads\/SternGarageClosed.jpg\"><img loading=\"lazy\" decoding=\"async\" width=\"1025\" height=\"1049\" data-id=\"1176\" src=\"https:\/\/mslola.eu\/wp-content\/uploads\/SternGarageClosed.jpg\" alt=\"\" class=\"wp-image-1176\" srcset=\"https:\/\/mslola.eu\/wp-content\/uploads\/SternGarageClosed.jpg 1025w, https:\/\/mslola.eu\/wp-content\/uploads\/SternGarageClosed-293x300.jpg 293w, https:\/\/mslola.eu\/wp-content\/uploads\/SternGarageClosed-1001x1024.jpg 1001w, https:\/\/mslola.eu\/wp-content\/uploads\/SternGarageClosed-147x150.jpg 147w, https:\/\/mslola.eu\/wp-content\/uploads\/SternGarageClosed-768x786.jpg 768w\" sizes=\"auto, (max-width: 1025px) 100vw, 1025px\" \/><\/a><\/figure>\n\n\n\n<figure class=\"wp-block-image size-full\"><a href=\"https:\/\/mslola.eu\/wp-content\/uploads\/031A0794.jpg\"><img loading=\"lazy\" decoding=\"async\" width=\"6720\" height=\"4480\" data-id=\"1148\" src=\"https:\/\/mslola.eu\/wp-content\/uploads\/031A0794.jpg\" alt=\"\" class=\"wp-image-1148\" srcset=\"https:\/\/mslola.eu\/wp-content\/uploads\/031A0794.jpg 6720w, https:\/\/mslola.eu\/wp-content\/uploads\/031A0794-300x200.jpg 300w, https:\/\/mslola.eu\/wp-content\/uploads\/031A0794-1024x683.jpg 1024w, https:\/\/mslola.eu\/wp-content\/uploads\/031A0794-150x100.jpg 150w, https:\/\/mslola.eu\/wp-content\/uploads\/031A0794-768x512.jpg 768w, https:\/\/mslola.eu\/wp-content\/uploads\/031A0794-1536x1024.jpg 1536w\" sizes=\"auto, (max-width: 6720px) 100vw, 6720px\" \/><\/a><\/figure>\n\n\n\n<figure class=\"wp-block-image size-full\"><a href=\"https:\/\/mslola.eu\/wp-content\/uploads\/031A0795.jpg\"><img loading=\"lazy\" decoding=\"async\" width=\"6720\" height=\"4480\" data-id=\"1149\" src=\"https:\/\/mslola.eu\/wp-content\/uploads\/031A0795.jpg\" alt=\"\" class=\"wp-image-1149\" srcset=\"https:\/\/mslola.eu\/wp-content\/uploads\/031A0795.jpg 6720w, https:\/\/mslola.eu\/wp-content\/uploads\/031A0795-300x200.jpg 300w, https:\/\/mslola.eu\/wp-content\/uploads\/031A0795-1024x683.jpg 1024w, https:\/\/mslola.eu\/wp-content\/uploads\/031A0795-150x100.jpg 150w, https:\/\/mslola.eu\/wp-content\/uploads\/031A0795-768x512.jpg 768w, https:\/\/mslola.eu\/wp-content\/uploads\/031A0795-1536x1024.jpg 1536w\" sizes=\"auto, (max-width: 6720px) 100vw, 6720px\" \/><\/a><\/figure>\n\n\n\n<figure class=\"wp-block-image size-full\"><a href=\"https:\/\/mslola.eu\/wp-content\/uploads\/031A0871.jpg\"><img loading=\"lazy\" decoding=\"async\" width=\"6720\" height=\"4480\" data-id=\"1150\" src=\"https:\/\/mslola.eu\/wp-content\/uploads\/031A0871.jpg\" alt=\"\" class=\"wp-image-1150\" srcset=\"https:\/\/mslola.eu\/wp-content\/uploads\/031A0871.jpg 6720w, https:\/\/mslola.eu\/wp-content\/uploads\/031A0871-300x200.jpg 300w, https:\/\/mslola.eu\/wp-content\/uploads\/031A0871-1024x683.jpg 1024w, https:\/\/mslola.eu\/wp-content\/uploads\/031A0871-150x100.jpg 150w, https:\/\/mslola.eu\/wp-content\/uploads\/031A0871-768x512.jpg 768w, https:\/\/mslola.eu\/wp-content\/uploads\/031A0871-1536x1024.jpg 1536w\" sizes=\"auto, (max-width: 6720px) 100vw, 6720px\" \/><\/a><\/figure>\n<\/figure>\n<\/div>\n\n<div class=\"wp-block-group is-layout-flow wp-block-group-is-layout-flow\">\n<h2 class=\"wp-block-heading has-text-align-center\">Lola&#8217;n\u0131n Video G\u00f6r\u00fcnt\u00fcleri<\/h2>\n\n\n\n<div class=\"wp-block-group is-layout-grid wp-container-core-group-is-layout-ed13c795 wp-block-group-is-layout-grid\">\n<div class=\"wp-block-group has-global-padding is-layout-constrained wp-block-group-is-layout-constrained\"><div class=\"alignfull wp-block-vpb-video\" id='vpbVideoPlayer-2' data-attributes='{&quot;align&quot;:&quot;full&quot;,&quot;source&quot;:&quot;https:\\\/\\\/mslola.eu\\\/wp-content\\\/uploads\\\/lolaunterwegs.mp4&quot;,&quot;poster&quot;:&quot;https:\\\/\\\/mslola.eu\\\/wp-content\\\/uploads\\\/LolaUnterwegs.Movie_Schnappschuss.jpg&quot;,&quot;controls&quot;:{&quot;play-large&quot;:false,&quot;restart&quot;:false,&quot;rewind&quot;:false,&quot;play&quot;:true,&quot;fast-forward&quot;:false,&quot;progress&quot;:true,&quot;current-time&quot;:false,&quot;duration&quot;:true,&quot;mute&quot;:true,&quot;volume&quot;:true,&quot;pip&quot;:false,&quot;airplay&quot;:false,&quot;settings&quot;:false,&quot;download&quot;:false,&quot;fullscreen&quot;:true},&quot;autoHideControl&quot;:false,&quot;width&quot;:&quot;100%&quot;,&quot;radius&quot;:&quot;0px&quot;,&quot;repeat&quot;:false,&quot;autoplay&quot;:false,&quot;muted&quot;:false,&quot;resetOnEnd&quot;:false}'><\/div>\n\n\n<h3 class=\"wp-block-heading has-text-align-center\">Denizde 10 knot h\u0131zla seyir<\/h3>\n<\/div>\n\n\n\n<div class=\"wp-block-group has-global-padding is-layout-constrained wp-block-group-is-layout-constrained\"><div class=\"alignfull wp-block-vpb-video\" id='vpbVideoPlayer-3' data-attributes='{&quot;align&quot;:&quot;full&quot;,&quot;source&quot;:&quot;https:\\\/\\\/mslola.eu\\\/wp-content\\\/uploads\\\/lolatenderdock.mp4&quot;,&quot;poster&quot;:&quot;https:\\\/\\\/mslola.eu\\\/wp-content\\\/uploads\\\/LolaTenderDock.jpg&quot;,&quot;controls&quot;:{&quot;play-large&quot;:false,&quot;restart&quot;:false,&quot;rewind&quot;:false,&quot;play&quot;:true,&quot;fast-forward&quot;:false,&quot;progress&quot;:true,&quot;current-time&quot;:false,&quot;duration&quot;:true,&quot;mute&quot;:true,&quot;volume&quot;:true,&quot;pip&quot;:false,&quot;airplay&quot;:false,&quot;settings&quot;:false,&quot;download&quot;:false,&quot;fullscreen&quot;:true},&quot;autoHideControl&quot;:false,&quot;width&quot;:&quot;100%&quot;,&quot;radius&quot;:&quot;0px&quot;,&quot;repeat&quot;:false,&quot;autoplay&quot;:false,&quot;muted&quot;:false,&quot;resetOnEnd&quot;:false}'><\/div>\n\n\n<h3 class=\"wp-block-heading has-text-align-center\">Tender Operasyonu<\/h3>\n<\/div>\n\n\n\n<div class=\"wp-block-group has-global-padding is-layout-constrained wp-block-group-is-layout-constrained\"><div class=\"alignfull wp-block-vpb-video\" id='vpbVideoPlayer-4' data-attributes='{&quot;align&quot;:&quot;full&quot;,&quot;source&quot;:&quot;https:\\\/\\\/mslola.eu\\\/wp-content\\\/uploads\\\/lolarauesee.mp4&quot;,&quot;poster&quot;:&quot;https:\\\/\\\/mslola.eu\\\/wp-content\\\/uploads\\\/LolaRaueSee.Movie_Schnappschuss.jpg&quot;,&quot;controls&quot;:{&quot;play-large&quot;:false,&quot;restart&quot;:false,&quot;rewind&quot;:false,&quot;play&quot;:true,&quot;fast-forward&quot;:false,&quot;progress&quot;:true,&quot;current-time&quot;:false,&quot;duration&quot;:true,&quot;mute&quot;:true,&quot;volume&quot;:true,&quot;pip&quot;:false,&quot;airplay&quot;:false,&quot;settings&quot;:false,&quot;download&quot;:false,&quot;fullscreen&quot;:true},&quot;autoHideControl&quot;:false,&quot;width&quot;:&quot;100%&quot;,&quot;radius&quot;:&quot;0px&quot;,&quot;repeat&quot;:false,&quot;autoplay&quot;:false,&quot;muted&quot;:false,&quot;resetOnEnd&quot;:false}'><\/div>\n\n\n<h3 class=\"wp-block-heading has-text-align-center\">~35 knot r\u00fczgarda sert deniz<\/h3>\n<\/div>\n\n\n\n<div class=\"wp-block-group has-global-padding is-layout-constrained wp-block-group-is-layout-constrained\"><div class=\"alignfull wp-block-vpb-video\" id='vpbVideoPlayer-5' data-attributes='{&quot;align&quot;:&quot;full&quot;,&quot;source&quot;:&quot;https:\\\/\\\/mslola.eu\\\/wp-content\\\/uploads\\\/loladelphin.mp4&quot;,&quot;poster&quot;:&quot;https:\\\/\\\/mslola.eu\\\/wp-content\\\/uploads\\\/LolaDelphin.Movie_Schnappschuss.jpg&quot;,&quot;controls&quot;:{&quot;play-large&quot;:false,&quot;restart&quot;:false,&quot;rewind&quot;:false,&quot;play&quot;:true,&quot;fast-forward&quot;:false,&quot;progress&quot;:true,&quot;current-time&quot;:false,&quot;duration&quot;:true,&quot;mute&quot;:true,&quot;volume&quot;:true,&quot;pip&quot;:false,&quot;airplay&quot;:false,&quot;settings&quot;:false,&quot;download&quot;:false,&quot;fullscreen&quot;:true},&quot;autoHideControl&quot;:false,&quot;width&quot;:&quot;100%&quot;,&quot;radius&quot;:&quot;0px&quot;,&quot;repeat&quot;:false,&quot;autoplay&quot;:false,&quot;muted&quot;:false,&quot;resetOnEnd&quot;:false}'><\/div>\n\n\n<h3 class=\"wp-block-heading has-text-align-center\">\u00c7\u0131lg\u0131n bir yunus<\/h3>\n<\/div>\n<\/div>\n<\/div>\n\n<p><\/p>\n","protected":false},"excerpt":{"rendered":"<p>Klasik 36 m Explorer Yat Lola&#8217;n\u0131n g\u00f6r\u00fcn\u00fcmleri Lola&#8217;n\u0131n g\u00fcvertesindeki \u015fekli ve g\u00fcne\u015fli veya r\u00fczgar ve ya\u011fmurdan korunan bir\u00e7ok yeri ke\u015ffedin Lola&#8217;n\u0131n Video G\u00f6r\u00fcnt\u00fcleri Denizde 10 knot h\u0131zla seyir Tender Operasyonu ~35 knot r\u00fczgarda sert deniz \u00c7\u0131lg\u0131n bir yunus<\/p>\n","protected":false},"author":1,"featured_media":842,"parent":0,"menu_order":0,"comment_status":"closed","ping_status":"closed","template":"","meta":{"om_disable_all_campaigns":false,"_monsterinsights_skip_tracking":false,"_monsterinsights_sitenote_active":false,"_monsterinsights_sitenote_note":"","_monsterinsights_sitenote_category":0,"pgc_sgb_lightbox_settings":"","footnotes":""},"class_list":["post-841","page","type-page","status-publish","has-post-thumbnail","hentry"],"aioseo_notices":[],"_links":{"self":[{"href":"https:\/\/mslola.eu\/tr\/wp-json\/wp\/v2\/pages\/841","targetHints":{"allow":["GET"]}}],"collection":[{"href":"https:\/\/mslola.eu\/tr\/wp-json\/wp\/v2\/pages"}],"about":[{"href":"https:\/\/mslola.eu\/tr\/wp-json\/wp\/v2\/types\/page"}],"author":[{"embeddable":true,"href":"https:\/\/mslola.eu\/tr\/wp-json\/wp\/v2\/users\/1"}],"replies":[{"embeddable":true,"href":"https:\/\/mslola.eu\/tr\/wp-json\/wp\/v2\/comments?post=841"}],"version-history":[{"count":9,"href":"https:\/\/mslola.eu\/tr\/wp-json\/wp\/v2\/pages\/841\/revisions"}],"predecessor-version":[{"id":1328,"href":"https:\/\/mslola.eu\/tr\/wp-json\/wp\/v2\/pages\/841\/revisions\/1328"}],"wp:featuredmedia":[{"embeddable":true,"href":"https:\/\/mslola.eu\/tr\/wp-json\/wp\/v2\/media\/842"}],"wp:attachment":[{"href":"https:\/\/mslola.eu\/tr\/wp-json\/wp\/v2\/media?parent=841"}],"curies":[{"name":"wp","href":"https:\/\/api.w.org\/{rel}","templated":true}]}}