{"id":862,"date":"2025-12-16T13:12:14","date_gmt":"2025-12-16T12:12:14","guid":{"rendered":"https:\/\/mslola.eu\/kuenye\/"},"modified":"2026-02-27T09:35:49","modified_gmt":"2026-02-27T08:35:49","slug":"kuenye","status":"publish","type":"page","link":"https:\/\/mslola.eu\/tr\/kuenye\/","title":{"rendered":"K\u00fcnye"},"content":{"rendered":"\n<div class=\"wp-block-group alignfull has-global-padding is-layout-constrained wp-block-group-is-layout-constrained\">\n<p><br\/> <strong>Web sitesi i\u015fletmecisi:<\/strong><br\/> MY Lola<br\/>Ba\u011flama liman\u0131: Valletta (Malta)<br\/>\u015eu anki ba\u011flama yeri 2025 &#8211; 2026:<br\/>D-Marin Didim<br\/>Adres: \u00c7aml\u0131k Mah. 5027 Sok. No:3 <br\/>Didim \/ Ayd\u0131n No: 09295 \/ Ayd\u0131n<br\/>T\u00fcrkiye  <\/p>\n\n\n\n<p><br\/> <strong>\u0130leti\u015fim bilgileri:<\/strong><\/p>\n\n\n\n<p>E-posta: <a href=\"mailto:info@mslola.eu\">info@mslola.eu<\/a><br\/>Web sitesi: https:\/\/mslola.eu<br\/><br\/> <strong>Kaptan:<\/strong><br\/> Kayhan Yesildag<br\/>Telefon: <a href=\"tel:+90%C2%A0541%20919%2042%2062\" title=\"\">+90 541 919 42 62<\/a><br\/> E-posta:<a href=\"mailto:kayhanyesildag@gmail.com\" title=\"\">kayhanyesildag@gmail.com<\/a><\/p>\n\n\n\n<p><strong>Sat\u0131\u015f Temsilcisi:<\/strong><br\/>Roger Gruhn<br\/>Telefon:<a href=\"tel:+34%20639%20635375\" title=\"\">+34 639 635375<\/a> <br\/> E-posta: <a href=\"mailto:Yachtconsultant@gmx.net\" title=\"\">Yachtconsultant@gmx.net<\/a><br\/><br\/> <strong>Tescil:<\/strong><br\/> Tescil edildi\u011fi yer: Malta<br\/> Ana Liman: Valletta<br\/> IMO: 9656709<br\/> \u00c7a\u011fr\u0131 \u0130\u015fareti: 9HA3018<br\/><br\/> <strong>Son G\u00fcncelleme:<\/strong><br\/> 27.02.2026<\/p>\n\n\n\n<p><strong>\u00c7eviriler<\/strong><\/p>\n\n\n\n<p>Almanca metinlerden yap\u0131lan \u00e7eviri, yapay zeka destekli yaz\u0131l\u0131m kullan\u0131larak olu\u015fturulmu\u015ftur. Herhangi bir belirsizlikten dolay\u0131 \u00f6z\u00fcr dileriz. <\/p>\n<\/div>\n","protected":false},"excerpt":{"rendered":"<p>Web sitesi i\u015fletmecisi: MY LolaBa\u011flama liman\u0131: Valletta (Malta)\u015eu anki ba\u011flama yeri 2025 &#8211; 2026:D-Marin DidimAdres: \u00c7aml\u0131k Mah. 5027 Sok. No:3 Didim \/ Ayd\u0131n No: 09295 \/ Ayd\u0131nT\u00fcrkiye \u0130leti\u015fim bilgileri: E-posta: info@mslola.euWeb sitesi: https:\/\/mslola.eu Kaptan: Kayhan YesildagTelefon: +90 541 919 42 62 E-posta:kayhanyesildag@gmail.com Sat\u0131\u015f Temsilcisi:Roger GruhnTelefon:+34 639 635375 E-posta: Yachtconsultant@gmx.net Tescil: Tescil edildi\u011fi yer: Malta Ana [&hellip;]<\/p>\n","protected":false},"author":1,"featured_media":0,"parent":0,"menu_order":0,"comment_status":"closed","ping_status":"closed","template":"","meta":{"om_disable_all_campaigns":false,"_monsterinsights_skip_tracking":false,"_monsterinsights_sitenote_active":false,"_monsterinsights_sitenote_note":"","_monsterinsights_sitenote_category":0,"pgc_sgb_lightbox_settings":"","footnotes":""},"class_list":["post-862","page","type-page","status-publish","hentry"],"aioseo_notices":[],"_links":{"self":[{"href":"https:\/\/mslola.eu\/tr\/wp-json\/wp\/v2\/pages\/862","targetHints":{"allow":["GET"]}}],"collection":[{"href":"https:\/\/mslola.eu\/tr\/wp-json\/wp\/v2\/pages"}],"about":[{"href":"https:\/\/mslola.eu\/tr\/wp-json\/wp\/v2\/types\/page"}],"author":[{"embeddable":true,"href":"https:\/\/mslola.eu\/tr\/wp-json\/wp\/v2\/users\/1"}],"replies":[{"embeddable":true,"href":"https:\/\/mslola.eu\/tr\/wp-json\/wp\/v2\/comments?post=862"}],"version-history":[{"count":4,"href":"https:\/\/mslola.eu\/tr\/wp-json\/wp\/v2\/pages\/862\/revisions"}],"predecessor-version":[{"id":1361,"href":"https:\/\/mslola.eu\/tr\/wp-json\/wp\/v2\/pages\/862\/revisions\/1361"}],"wp:attachment":[{"href":"https:\/\/mslola.eu\/tr\/wp-json\/wp\/v2\/media?parent=862"}],"curies":[{"name":"wp","href":"https:\/\/api.w.org\/{rel}","templated":true}]}}